{"id":158617,"date":"2026-03-04T17:12:06","date_gmt":"2026-03-04T20:12:06","guid":{"rendered":"https:\/\/malalivrodeartista.com\/?post_type=product&#038;p=158617"},"modified":"2026-04-07T17:07:57","modified_gmt":"2026-04-07T20:07:57","slug":"curso-breve-historia-social-da-gravura-brasileira","status":"publish","type":"product","link":"https:\/\/malalivrodeartista.com\/pt_br\/produto\/curso-breve-historia-social-da-gravura-brasileira\/","title":{"rendered":"Curso \u201cBreve Hist\u00f3ria Social da Gravura Brasileira\u201d"},"content":{"rendered":"","protected":false},"excerpt":{"rendered":"<p><b>Curso \u201cBreve Hist\u00f3ria Social da Gravura Brasileira\u201d<\/b><\/p>\n<p>&nbsp;<\/p>\n<p><span style=\"font-weight: 400;\">Dura\u00e7\u00e3o:\u00a0<strong>6\/05, 13\/05, 20\/05<\/strong><\/span><\/p>\n<p>&nbsp;<\/p>\n<p><span style=\"font-weight: 400;\">Orientador: <\/span><b>Matheus Gon\u00e7alves<\/b><\/p>\n<p><span style=\"font-weight: 400;\">Dia da semana: <\/span><b>Quarta-feira<\/b><\/p>\n<p><span style=\"font-weight: 400;\">N\u00ba de encontros:<\/span><b> 3<\/b><\/p>\n<p><span style=\"font-weight: 400;\">Hor\u00e1rio do curso: <\/span><b>19:00 &#8211; 21:00<\/b><\/p>\n<p><span style=\"font-weight: 400;\">Carga Hor\u00e1ria <\/span><b>6h<\/b><\/p>\n<p><span style=\"font-weight: 400;\">Investimento:<\/span><\/p>\n<p><span style=\"font-weight: 400;\">Material:<\/span><b> n\u00e3o h\u00e1<\/b><\/p>\n<p><span style=\"font-weight: 400;\">Pr\u00e9-requisito: <\/span><b>n\u00e3o h\u00e1<\/b><\/p>\n<p><span style=\"font-weight: 400;\">P\u00fablico Alvo: <\/span><b>artistas, historiadores, designers, estudantes, p\u00fablico em geral<\/b><\/p>\n<p><span style=\"font-weight: 400;\">Local: <\/span><b>Online<\/b><\/p>\n<p><span style=\"font-weight: 400;\">Endere\u00e7o: <\/span><b>Google Meet<\/b><\/p>\n<p>&nbsp;<\/p>\n<p><b>Sinopse:<\/b><span style=\"font-weight: 400;\"> Neste curso de tr\u00eas aulas voc\u00ea vai ser convidado a mergulhar na hist\u00f3ria da estampa e das artes gr\u00e1ficas no Brasil. A partir de uma bibliografia que \u00e9 refer\u00eancia nas \u00e1reas da Hist\u00f3ria Social e da Hist\u00f3ria da Arte, o recorte de nosso percurso abordar\u00e1 tr\u00eas grandes temas: a gravura no s\u00e9culo XIX; a pr\u00e1tica da gravura modernista; e explora\u00e7\u00f5es da gravura contempor\u00e2nea. Ao t\u00e9rmino de cada aula o professor indicar\u00e1 uma leitura para aprofundamento dos temas abordados. Durante as aulas, uma s\u00e9rie de imagens de trabalhos art\u00edsticos em gravura ser\u00e3o apresentados, de forma a proporcionar a cria\u00e7\u00e3o de um repert\u00f3rio visual de artistas e t\u00e9cnicas entre os presentes. Com o t\u00e9rmino das aulas, \u00e9 esperado que os alunos tenham uma compreens\u00e3o geral das principais for\u00e7as de desenvolvimento da gravura e das t\u00e9cnicas planogr\u00e1ficas no Brasil e que tenham expandido seu repert\u00f3rio individual de refer\u00eancias com artistas importantes para a gravura brasileira dos s\u00e9culos XIX e XX.<\/span><\/p>\n<p>&nbsp;<\/p>\n<p><b>Roteiro de aulas: <\/b><span style=\"font-weight: 400;\">No primeiro encontro ser\u00e1 apresentada a base conceitual a partir da qual os temas propostos ser\u00e3o abordados ao longo da aula. Depois, ser\u00e3o apresentadas refer\u00eancias visuais das pr\u00e1ticas da gravura e da planografia durante o s\u00e9culo XIX, destacando o papel da imprensa para o desenvolvimento das t\u00e9cnicas. No segundo encontro, os participantes discutir\u00e3o o impacto do modernismo brasileiro nas pr\u00e1ticas gr\u00e1ficas dentro das artes visuais e ser\u00e3o apresentados a trabalhos de arte e artistas importantes para o per\u00edodo. No terceiro encontro, ser\u00e1 abordado o papel dos museus, das institui\u00e7\u00f5es art\u00edsticas, dos cursos livres e das universidades para a pr\u00e1tica e desenvolvimento expressivo da gravura e das t\u00e9cnicas planogr\u00e1ficas. Tamb\u00e9m ser\u00e3o apresentados artistas que trabalharam com a gravura no Brasil a partir de meados do s\u00e9culo XX at\u00e9 o in\u00edcio do s\u00e9culo XXI.<\/span><\/p>\n<p>&nbsp;<\/p>\n<p><b>Sobre o Orientador:<\/b><span style=\"font-weight: 400;\"> Sou Matheus Gon\u00e7alves, tenho 29 anos, sou artista visual e mestre em Hist\u00f3ria Social pela USP. Minha pr\u00e1tica art\u00edstica transita entre a gravura, a pintura e a produ\u00e7\u00e3o de livros de artista, tendo como eixo as rela\u00e7\u00f5es entre arte, pol\u00edtica e mem\u00f3ria. Investigo formas gr\u00e1ficas de refletir sobre o futuro, recombinando imagens de arquivo, fotografias do cotidiano, colagens e t\u00e9cnicas de impress\u00e3o como a calcogravura, o chine-coll\u00e9 e a monotipia. As obras resultam em objetos editoriais e pe\u00e7as gr\u00e1ficas artesanais que s\u00e3o ao mesmo tempo documentos po\u00e9ticos sobre o tempo presente. Minha trajet\u00f3ria inclui participa\u00e7\u00e3o em feiras e exposi\u00e7\u00f5es relevantes, como a resid\u00eancia art\u00edstica Morada Andarilha dos Livros de Artista &#8211; M.A.L.A. com exposi\u00e7\u00f5es em Paris e S\u00e3o Paulo (2025), a Feira Miolos (2024, 2025), a Feira Motim (2025), a Feira Pira (2023); tr\u00eas edi\u00e7\u00f5es do sal\u00e3o de artes visuais Visualidade Nascente (MAC-USP, C. C. Maria Ant\u00f4nia), nas quais recebi men\u00e7\u00f5es honrosas em 2017 e 2022; e Exposi\u00e7\u00e3o de Arte da Juventude, no SESC Ribeir\u00e3o Preto (2017). A dimens\u00e3o pedag\u00f3gica atravessa minha produ\u00e7\u00e3o: atuei como professor do curso de ilustra\u00e7\u00e3o da Funda\u00e7\u00e3o das Artes de S\u00e3o Caetano do Sul (2025), fui artista orientador no Programa Vocacional da Secretaria de Cultura de S\u00e3o Paulo (2024-2025) e sou oficineiro em diversos equipamentos culturais desde 2019, experi\u00eancias que alimentam uma pr\u00e1tica comprometida com a democratiza\u00e7\u00e3o da arte e com a pot\u00eancia criativa dos territ\u00f3rios.<\/span><\/p>\n<p>&nbsp;<\/p>\n<p>[pix]<\/p>\n","protected":false},"featured_media":158686,"template":"","meta":[],"product_brand":[],"product_cat":[156],"product_tag":[157],"class_list":{"0":"post-158617","1":"product","2":"type-product","3":"status-publish","4":"has-post-thumbnail","6":"product_cat-cursos","7":"product_tag-cursos2026","9":"first","10":"instock","11":"shipping-taxable","12":"purchasable","13":"product-type-simple"},"_links":{"self":[{"href":"https:\/\/malalivrodeartista.com\/pt_br\/wp-json\/wp\/v2\/product\/158617","targetHints":{"allow":["GET"]}}],"collection":[{"href":"https:\/\/malalivrodeartista.com\/pt_br\/wp-json\/wp\/v2\/product"}],"about":[{"href":"https:\/\/malalivrodeartista.com\/pt_br\/wp-json\/wp\/v2\/types\/product"}],"wp:featuredmedia":[{"embeddable":true,"href":"https:\/\/malalivrodeartista.com\/pt_br\/wp-json\/wp\/v2\/media\/158686"}],"wp:attachment":[{"href":"https:\/\/malalivrodeartista.com\/pt_br\/wp-json\/wp\/v2\/media?parent=158617"}],"wp:term":[{"taxonomy":"product_brand","embeddable":true,"href":"https:\/\/malalivrodeartista.com\/pt_br\/wp-json\/wp\/v2\/product_brand?post=158617"},{"taxonomy":"product_cat","embeddable":true,"href":"https:\/\/malalivrodeartista.com\/pt_br\/wp-json\/wp\/v2\/product_cat?post=158617"},{"taxonomy":"product_tag","embeddable":true,"href":"https:\/\/malalivrodeartista.com\/pt_br\/wp-json\/wp\/v2\/product_tag?post=158617"}],"curies":[{"name":"wp","href":"https:\/\/api.w.org\/{rel}","templated":true}]}}