{"id":158563,"date":"2026-03-04T16:33:44","date_gmt":"2026-03-04T19:33:44","guid":{"rendered":"https:\/\/malalivrodeartista.com\/?post_type=product&#038;p=158563"},"modified":"2026-04-07T17:07:57","modified_gmt":"2026-04-07T20:07:57","slug":"curso-xilogravura-em-concertina","status":"publish","type":"product","link":"https:\/\/malalivrodeartista.com\/pt_br\/produto\/curso-xilogravura-em-concertina\/","title":{"rendered":"Curso \u201cXilogravura em concertina\u201d"},"content":{"rendered":"","protected":false},"excerpt":{"rendered":"<p>&nbsp;<\/p>\n<p><span style=\"font-weight: 400;\">In\u00edcio: <\/span><b>01\/05\/2026<\/b><\/p>\n<p><span style=\"font-weight: 400;\">T\u00e9rmino:<\/span><b> 03\/05\/2026<\/b><\/p>\n<p><span style=\"font-weight: 400;\">Orientador: <\/span><b>Matheus Gon\u00e7alves<\/b><\/p>\n<p><span style=\"font-weight: 400;\">Dia da semana: <\/span><b>Sexta-feira, s\u00e1bado e domingo<\/b><\/p>\n<p><span style=\"font-weight: 400;\">N\u00ba de encontros:<\/span><b> 3<\/b><\/p>\n<p><span style=\"font-weight: 400;\">Hor\u00e1rio do curso: <\/span><b>10:00-17:00 <\/b><span style=\"font-weight: 400;\">(pausa para almo\u00e7o entre 13:00-14:00)<\/span><\/p>\n<p><span style=\"font-weight: 400;\">Carga Hor\u00e1ria <\/span><b>18h<\/b><\/p>\n<p><span style=\"font-weight: 400;\">Investimento:<\/span><\/p>\n<p><span style=\"font-weight: 400;\">Material:<\/span><b> Incluso<\/b><\/p>\n<p><span style=\"font-weight: 400;\">Pr\u00e9-requisito: <\/span><b>n\u00e3o h\u00e1<\/b><\/p>\n<p><span style=\"font-weight: 400;\">P\u00fablico Alvo: <\/span><b>artistas, historiadores, designers, estudantes, p\u00fablico em geral<\/b><\/p>\n<p><span style=\"font-weight: 400;\">Local: <\/span><b>Ateli\u00ea da Estela Vilela<\/b><\/p>\n<p><span style=\"font-weight: 400;\">Endere\u00e7o:\u00a0<\/span><\/p>\n<p>&nbsp;<\/p>\n<p><b>Sinopse:<\/b><span style=\"font-weight: 400;\">\u00a0\u00a0<\/span><\/p>\n<p><span style=\"font-weight: 400;\">Este curso oferece uma imers\u00e3o pr\u00e1tica e criativa na t\u00e9cnica da gravura em relevo. Ao longo dos encontros, exploraremos os principais suportes contempor\u00e2neos utilizados na linguagem, como madeira, lin\u00f3leo e neolite. Tamb\u00e9m conheceremos em detalhe as ferramentas essenciais de grava\u00e7\u00e3o, como goivas e facas. Entre os temas abordados, ser\u00e3o discutidos aspectos fundamentais para a constru\u00e7\u00e3o da estampa: desde o preparo de projetos e desenhos para gravuras de alto contraste at\u00e9 as t\u00e9cnicas de transfer\u00eancia destes planos para as matrizes. O percurso inclui exerc\u00edcios de grava\u00e7\u00e3o, confec\u00e7\u00e3o de registros para impress\u00e3o e experimenta\u00e7\u00e3o com diferentes tipos de pap\u00e9is e acabamentos, ampliando as possibilidades expressivas da xilogravura. No final, os participantes ser\u00e3o convidados a produzirem um livro de artista no formato \u201cconcertina\u201d, que re\u00fane impress\u00f5es das matrizes produzidas durante o curso.<\/span><\/p>\n<p>&nbsp;<\/p>\n<p><b>Roteiro de aulas: <\/b><span style=\"font-weight: 400;\">No primeiro encontro ser\u00e3o apresentadas as principais possibilidades expressivas da xilogravura em particular e da gravura em relevo de maneira mais ampla. Tamb\u00e9m neste dia, ser\u00e3o apresentadas refer\u00eancias de artistas e de solu\u00e7\u00f5es criativas para a constru\u00e7\u00e3o de um repert\u00f3rio comum de possibilidades gr\u00e1ficas. Ent\u00e3o, o artista orientador apresenta os principais conceitos para a produ\u00e7\u00e3o dos desenhos preparat\u00f3rios de gravuras em alto contraste. Depois da parte te\u00f3rica, todos produzem seus projetos e discutem as ideias com o grupo. No segundo encontro, o artista orientador demonstrar\u00e1 maneiras de transferir os projetos realizados para as matrizes. Tamb\u00e9m ser\u00e3o apresentados os diferentes materiais com os quais se pode produzir gravuras em relevo, como madeira, borracha, lin\u00f3leo e mdf; e as ferramentas com as quais se pode gravar os suportes, como as goivas e as facas. Ent\u00e3o, todos ser\u00e3o convidados a gravarem suas matrizes. No terceiro encontro, ser\u00e1 discutido o conceito de registro de impress\u00e3o e ser\u00e3o apresentados diferentes papeis e suportes nos quais \u00e9 poss\u00edvel obter boas impress\u00f5es. Ent\u00e3o, ser\u00e1 realizada uma pequena tiragem dos resultados da grava\u00e7\u00e3o de cada pessoa sobre os papeis apresentados e sobre as estruturas de concertina. Depois, ser\u00e1 realizada uma exposi\u00e7\u00e3o dos resultados das concertinas impressas de cada pessoa e o grupo discutir\u00e1 sobre o processo criativo e possibilidades de aprofundamento da pesquisa visual.<\/span><\/p>\n<p>&nbsp;<\/p>\n<p><b>Sobre o Orientador:<\/b><span style=\"font-weight: 400;\"> Sou Matheus Gon\u00e7alves, tenho 29 anos, sou artista visual e mestre em Hist\u00f3ria Social pela USP. Minha pr\u00e1tica art\u00edstica transita entre a gravura, a pintura e a produ\u00e7\u00e3o de livros de artista, tendo como eixo as rela\u00e7\u00f5es entre arte, pol\u00edtica e mem\u00f3ria. Investigo formas gr\u00e1ficas de refletir sobre o futuro, recombinando imagens de arquivo, fotografias do cotidiano, colagens e t\u00e9cnicas de impress\u00e3o como a calcogravura, o chine-coll\u00e9 e a monotipia. As obras resultam em objetos editoriais e pe\u00e7as gr\u00e1ficas artesanais que s\u00e3o ao mesmo tempo documentos po\u00e9ticos sobre o tempo presente. Minha trajet\u00f3ria inclui participa\u00e7\u00e3o em feiras e exposi\u00e7\u00f5es relevantes, como a resid\u00eancia art\u00edstica Morada Andarilha dos Livros de Artista &#8211; M.A.L.A. com exposi\u00e7\u00f5es em Paris e S\u00e3o Paulo (2025), a Feira Miolos (2024, 2025), a Feira Motim (2025), a Feira Pira (2023); tr\u00eas edi\u00e7\u00f5es do sal\u00e3o de artes visuais Visualidade Nascente (MAC-USP, C. C. Maria Ant\u00f4nia), nas quais recebi men\u00e7\u00f5es honrosas em 2017 e 2022; e Exposi\u00e7\u00e3o de Arte da Juventude, no SESC Ribeir\u00e3o Preto (2017). A dimens\u00e3o pedag\u00f3gica atravessa minha produ\u00e7\u00e3o: atuei como professor do curso de ilustra\u00e7\u00e3o da Funda\u00e7\u00e3o das Artes de S\u00e3o Caetano do Sul (2025), fui artista orientador no Programa Vocacional da Secretaria de Cultura de S\u00e3o Paulo (2024-2025) e sou oficineiro em diversos equipamentos culturais desde 2019, experi\u00eancias que alimentam uma pr\u00e1tica comprometida com a democratiza\u00e7\u00e3o da arte e com a pot\u00eancia criativa dos territ\u00f3rios.<\/span><\/p>\n<p>&nbsp;<\/p>\n","protected":false},"featured_media":158566,"template":"","meta":[],"product_brand":[],"product_cat":[156],"product_tag":[157],"class_list":{"0":"post-158563","1":"product","2":"type-product","3":"status-publish","4":"has-post-thumbnail","6":"product_cat-cursos","7":"product_tag-cursos2026","9":"first","10":"instock","11":"virtual","12":"purchasable","13":"product-type-simple"},"_links":{"self":[{"href":"https:\/\/malalivrodeartista.com\/pt_br\/wp-json\/wp\/v2\/product\/158563","targetHints":{"allow":["GET"]}}],"collection":[{"href":"https:\/\/malalivrodeartista.com\/pt_br\/wp-json\/wp\/v2\/product"}],"about":[{"href":"https:\/\/malalivrodeartista.com\/pt_br\/wp-json\/wp\/v2\/types\/product"}],"wp:featuredmedia":[{"embeddable":true,"href":"https:\/\/malalivrodeartista.com\/pt_br\/wp-json\/wp\/v2\/media\/158566"}],"wp:attachment":[{"href":"https:\/\/malalivrodeartista.com\/pt_br\/wp-json\/wp\/v2\/media?parent=158563"}],"wp:term":[{"taxonomy":"product_brand","embeddable":true,"href":"https:\/\/malalivrodeartista.com\/pt_br\/wp-json\/wp\/v2\/product_brand?post=158563"},{"taxonomy":"product_cat","embeddable":true,"href":"https:\/\/malalivrodeartista.com\/pt_br\/wp-json\/wp\/v2\/product_cat?post=158563"},{"taxonomy":"product_tag","embeddable":true,"href":"https:\/\/malalivrodeartista.com\/pt_br\/wp-json\/wp\/v2\/product_tag?post=158563"}],"curies":[{"name":"wp","href":"https:\/\/api.w.org\/{rel}","templated":true}]}}