{"id":158556,"date":"2026-03-04T15:37:58","date_gmt":"2026-03-04T18:37:58","guid":{"rendered":"https:\/\/malalivrodeartista.com\/?post_type=product&#038;p=158556"},"modified":"2026-04-08T07:12:17","modified_gmt":"2026-04-08T10:12:17","slug":"curso-intensivo-grafismo-autoral-e-encadernacao-japonesa-com-caixa","status":"publish","type":"product","link":"https:\/\/malalivrodeartista.com\/pt_br\/produto\/curso-intensivo-grafismo-autoral-e-encadernacao-japonesa-com-caixa\/","title":{"rendered":"Curso intensivo grafismo autoral e encaderna\u00e7\u00e3o japonesa com caixa"},"content":{"rendered":"","protected":false},"excerpt":{"rendered":"<p>&nbsp;<\/p>\n<p>Proposta curso intensivo grafismo autoral e encaderna\u00e7\u00e3o japonesa com caixa<\/p>\n<p>Movidas pelo desejo de aproximar mais pessoas do universo m\u00faltiplo dos livros de artista, Estela, artista do livro, e Andrea, artista visual, unem suas experi\u00eancias para oferecer um curso que articula grafismo autoral e encaderna\u00e7\u00e3o japonesa tradicional.<\/p>\n<p>Os encontros prop\u00f5em uma viv\u00eancia criativa que combina refer\u00eancias conceituais, orienta\u00e7\u00f5es t\u00e9cnicas e amplo espa\u00e7o para experimenta\u00e7\u00e3o. Inicialmente, os participantes desenvolver\u00e3o grafismos com pinc\u00e9is artesanais e japoneses, utilizando nanquim sobre papel japon\u00eas e outros tipos de papel. A proposta parte de uma abordagem gestual, pr\u00f3xima ao tachismo, explorando ritmo, repeti\u00e7\u00e3o, mancha, respiro e densidade. Desde o in\u00edcio, ser\u00e1 estimulada a reflex\u00e3o sobre a rela\u00e7\u00e3o entre imagem, sequ\u00eancia e estrutura, entendendo cada folha como parte de uma narrativa visual em constru\u00e7\u00e3o.<\/p>\n<p>Ap\u00f3s a cria\u00e7\u00e3o dos grafismos, as pr\u00f3prias folhas produzidas ser\u00e3o organizadas e encadernadas manualmente. E na segunda parte teremos a pr\u00e1tica de t\u00e9cnicas tradicionais de encaderna\u00e7\u00e3o japonesa, desenvolvidas a partir do s\u00e9culo XIV. Cada folha ser\u00e1 dobrada ao meio, formando um envelope (fukuro), e o conjunto ser\u00e1 costurado diretamente \u00e0 capa, deixando a costura aparente como elemento est\u00e9tico e estrutural.<\/p>\n<p>Ser\u00e3o exploradas varia\u00e7\u00f5es cl\u00e1ssicas como yotsume toji (quatro furos), kangxi (quatro furos com refor\u00e7o na cabe\u00e7a e no p\u00e9 do livro), kikko toji (casco de tartaruga) e asa-no-h\u00e1 toji (folha de c\u00e2nhamo ou linho), compreendendo como cada desenho de costura interfere no ritmo visual, na abertura das p\u00e1ginas e na experi\u00eancia de leitura.<\/p>\n<p>Como desdobramento do processo, os participantes tamb\u00e9m confeccionar\u00e3o uma caixa t\u00edpica japonesa para acondicionar as encaderna\u00e7\u00f5es, revestida em saphir pr\u00f3prio para encaderna\u00e7\u00e3o.<\/p>\n<p>Ao integrar gesto, sequ\u00eancia visual, estrutura e t\u00e9cnicas hist\u00f3ricas de costura, o curso prop\u00f5e uma imers\u00e3o no livro como objeto art\u00edstico, no qual o grafismo n\u00e3o \u00e9 apenas imagem, mas fundamento da pr\u00f3pria constru\u00e7\u00e3o do livro.<\/p>\n<p><strong>data:<\/strong>\u00a018,19,20 e 21 de abril de 2026<\/p>\n<p><strong>hor\u00e1rio:\u00a0<\/strong>10h \u00e0s 13h | 14h \u00e0s 17h<\/p>\n<p><strong>dias da semana:<\/strong>\u00a0s\u00e1bado, domingo, segunda e ter\u00e7a-feira<\/p>\n<p><strong>n\u00ba de encontros: <\/strong>4 dias<\/p>\n<p><strong>carga hor\u00e1ria: <\/strong>24 horas<\/p>\n<p><strong>pr\u00e9-requisito: <\/strong>n\u00e3o h\u00e1<\/p>\n<p><strong>material: <\/strong>incluso<\/p>\n<p><strong>orientadoras: <\/strong>Estela Vilela e Andrea Thomazella<\/p>\n<p><strong>investimento:<\/strong> R$ 1.190,00<\/p>\n<p>participantes da mala 10% desconto: R$ 1.080,00<\/p>\n<p>dispon\u00edvel via PagSeguro ou PIX<\/p>\n<p><strong>local:<\/strong>\u00a0 rua purpurina | 155 | cj.27 | vl. madalena | S\u00e3o Paulo<\/p>\n","protected":false},"featured_media":158561,"template":"","meta":[],"product_brand":[],"product_cat":[156],"product_tag":[157],"class_list":{"0":"post-158556","1":"product","2":"type-product","3":"status-publish","4":"has-post-thumbnail","6":"product_cat-cursos","7":"product_tag-cursos2026","9":"first","10":"instock","11":"virtual","12":"purchasable","13":"product-type-simple"},"_links":{"self":[{"href":"https:\/\/malalivrodeartista.com\/pt_br\/wp-json\/wp\/v2\/product\/158556","targetHints":{"allow":["GET"]}}],"collection":[{"href":"https:\/\/malalivrodeartista.com\/pt_br\/wp-json\/wp\/v2\/product"}],"about":[{"href":"https:\/\/malalivrodeartista.com\/pt_br\/wp-json\/wp\/v2\/types\/product"}],"wp:featuredmedia":[{"embeddable":true,"href":"https:\/\/malalivrodeartista.com\/pt_br\/wp-json\/wp\/v2\/media\/158561"}],"wp:attachment":[{"href":"https:\/\/malalivrodeartista.com\/pt_br\/wp-json\/wp\/v2\/media?parent=158556"}],"wp:term":[{"taxonomy":"product_brand","embeddable":true,"href":"https:\/\/malalivrodeartista.com\/pt_br\/wp-json\/wp\/v2\/product_brand?post=158556"},{"taxonomy":"product_cat","embeddable":true,"href":"https:\/\/malalivrodeartista.com\/pt_br\/wp-json\/wp\/v2\/product_cat?post=158556"},{"taxonomy":"product_tag","embeddable":true,"href":"https:\/\/malalivrodeartista.com\/pt_br\/wp-json\/wp\/v2\/product_tag?post=158556"}],"curies":[{"name":"wp","href":"https:\/\/api.w.org\/{rel}","templated":true}]}}