{"id":158666,"date":"2015-03-26T11:51:36","date_gmt":"2015-03-26T14:51:36","guid":{"rendered":"https:\/\/malalivrodeartista.com\/orientadoras-2\/"},"modified":"2026-03-05T14:56:32","modified_gmt":"2026-03-05T17:56:32","slug":"orientadoras-2026","status":"publish","type":"page","link":"https:\/\/malalivrodeartista.com\/pt_br\/orientadoras-2026\/","title":{"rendered":"Orientadoras 2026"},"content":{"rendered":"<div class=\"wpb-content-wrapper\"><div data-parent=\"true\" class=\"vc_row style-color-wayh-bg row-container boomapps_vcrow\" id=\"row-unique-0\"><div class=\"row unequal col-no-gutter no-top-padding no-bottom-padding no-h-padding full-width row-parent\"><div class=\"wpb_row auto-height-device row-inner\"><div class=\"wpb_column pos-top pos-center align_left column_parent col-lg-6 boomapps_vccolumn single-internal-gutter\"><div class=\"uncol style-light\"  ><div class=\"uncoltable\" style=\"min-height: 340px;\"><div class=\"uncell  boomapps_vccolumn single-block-padding\" ><div class=\"column-background background-element\">\n\t\t\t\t\t\t\t\t\t\t\t<div class=\"background-wrapper\">\n\t\t\t\t\t\t\t\t\t\t\t\t<div class=\"background-inner\" style=\"background-image: url(https:\/\/malalivrodeartista.com\/wp-content\/uploads\/2025\/04\/WhatsApp-Image-2024-01-18-at-15_59_edite.avif);background-repeat: no-repeat;background-position: center center;background-size: cover;\" data-o_src=\"https:\/\/malalivrodeartista.com\/wp-content\/uploads\/2025\/04\/WhatsApp-Image-2024-01-18-at-15_59_edite.avif\"><\/div>\n\t\t\t\t\t\t\t\t\t\t\t\t\n\t\t\t\t\t\t\t\t\t\t\t<\/div>\n\t\t\t\t\t\t\t\t\t\t<\/div><div class=\"uncont\" ><\/div><\/div><\/div><\/div><\/div><div class=\"wpb_column pos-top pos-center align_left column_parent col-lg-6 boomapps_vccolumn single-internal-gutter\"><div class=\"uncol style-dark\"  ><div class=\"uncoltable\"><div class=\"uncell  boomapps_vccolumn quad-block-padding\" ><div class=\"uncont\" style=\" max-width:528px;\" ><div class=\"vc_custom_heading_wrap \"><div class=\"heading-text el-text\" ><h2 class=\"fontsize-155944\" ><span>Estela Vilela<\/span><\/h2><\/div><div class=\"clear\"><\/div><\/div><div class=\"uncode_text_column text-lead\" ><\/p>\n<p class=\"font_8 wixui-rich-text__text\"><span class=\"wixui-rich-text__text\">Estela Vilela \u00e9 encadernadora, educadora e artista do livro, formada em Psicologia pela PUCSP e em Letras pela USP-SP. Sua experi\u00eancia em encaderna\u00e7\u00e3o inclui oLiceu de Artes e Of\u00edcios de S\u00e3o Paulo, cursos formativos na ABER- Associa\u00e7\u00e3o Brasileira de Encaderna\u00e7\u00e3o e Restauro e cursos internacionais, posteriormente, tendoseus trabalhos expostos em diversos F\u00f3runs e exposi\u00e7\u00f5es internacionais.<\/span><\/p>\n<p class=\"font_8 wixui-rich-text__text\"><span class=\"wixui-rich-text__text\">Durante sua presid\u00eancia na ABER (2013-2019), impulsionou a cultura do livro, promovendo oConcurso Internacional de Encaderna\u00e7\u00e3o Art\u00edstica em S\u00e3o Paulo e a Casa do Papel na FLIP em Paraty por dois anos consecutivos, entre outras iniciativas. Seusprojetos educativos enfatizam a experimenta\u00e7\u00e3o gr\u00e1fica, pesquisa e produ\u00e7\u00e3o de livros de artista.Atualmente, al\u00e9m de co-idealizadora e orientadora do curso online\u201cDobras de Si\u201d, ministra cursos presenciais, oferece consultoria em seu ateli\u00ea em S\u00e3o Paulo e colabora com institui\u00e7\u00f5es culturais tais como Sesc e Ita\u00fa Cultural.<\/span><\/p>\n<p class=\"font_8 wixui-rich-text__text\"><span class=\"wixui-rich-text__text\"><span class=\"wixGuard wixui-rich-text__text\">\u200b<\/span><\/span><\/p>\n<p class=\"font_8 wixui-rich-text__text\"><span class=\"wixui-rich-text__text\"><a class=\"wixui-rich-text__text\" href=\"https:\/\/www.instagram.com\/estelavilelaoficial\/\" target=\"_blank\" rel=\"noreferrer noopener\">@estelavilelaoficial<\/a><\/span><\/p>\n<p>\n<\/div><\/div><\/div><\/div><\/div><\/div><script id=\"script-row-unique-0\" data-row=\"script-row-unique-0\" type=\"text\/javascript\" class=\"vc_controls\">UNCODE.initRow(document.getElementById(\"row-unique-0\"));<\/script><\/div><\/div><\/div><div data-parent=\"true\" class=\"vc_row inverted-device-order style-color-xsdn-bg row-container boomapps_vcrow\" id=\"row-unique-1\"><div class=\"row unequal col-no-gutter no-top-padding no-bottom-padding no-h-padding full-width row-parent\"><div class=\"wpb_row auto-height-device row-inner\"><div class=\"wpb_column pos-top pos-center align_left column_parent col-lg-6 boomapps_vccolumn single-internal-gutter\"><div class=\"uncol style-dark\"  ><div class=\"uncoltable\"><div class=\"uncell  boomapps_vccolumn quad-block-padding\" ><div class=\"uncont\" style=\" max-width:528px;\" ><div class=\"vc_custom_heading_wrap \"><div class=\"heading-text el-text\" ><h2 class=\"fontsize-155944 text-color-jevc-color\" ><span>Monique Allain<\/span><\/h2><\/div><div class=\"clear\"><\/div><\/div><div class=\"uncode_text_column text-lead text-color-jevc-color\" ><\/p>\n<p class=\"font_8 wixui-rich-text__text\">Monique Allain (1958), artista, educadora e pesquisadora nascida em S\u00e3o Paulo, transferiu-se para Nova York em 2018 e estabeleceu-se em North Salem NY em 2020. Antes de sua incurs\u00e3o nas artes, atuou como consultora ambiental no &#8220;Terra Capital Fund&#8221;, pioneiro na capta\u00e7\u00e3o de recursos para projetos de preserva\u00e7\u00e3o da biodiversidade. Cofundadora da Cooperativa de Artistas Visuais do Brasil (2003-2006), visava ampliar o papel dos artistas visuais nas decis\u00f5es culturais e na divulga\u00e7\u00e3o da arte.<\/p>\n<p class=\"font_8 wixui-rich-text__text\"><span class=\"wixGuard wixui-rich-text__text\">\u200b<\/span><\/p>\n<p class=\"font_8 wixui-rich-text__text\">Na ABER- Associa\u00e7\u00e3o Brasileira de Encaderna\u00e7\u00e3o e Restauro, liderou o N\u00daCLEO DE ARTE, criando programas de estudo e produ\u00e7\u00e3o de livros de artista (2013-2018). Curadora em exposi\u00e7\u00f5es no Brasil, Paris e EUA, Monique investiga a identidade individual e coletiva, explorando sua rela\u00e7\u00e3o com espa\u00e7o, tempo e alteridade. Suas obras prop\u00f5em experi\u00eancias imersivas de auto conex\u00e3o,<br class=\"wixui-rich-text__text\" \/>conex\u00e3o com o ambiente e di\u00e1logos interpessoais.<\/p>\n<p class=\"font_8 wixui-rich-text__text\"><span class=\"wixui-rich-text__text\"><span class=\"wixGuard wixui-rich-text__text\">\u200b<\/span><\/span><\/p>\n<p class=\"font_8 wixui-rich-text__text\"><span class=\"wixui-rich-text__text\"><a class=\"wixui-rich-text__text\" href=\"https:\/\/www.instagram.com\/moniqueallain\/\" target=\"_blank\" rel=\"noreferrer noopener\">@moniqueallain<\/a><\/span><\/p>\n<p>\n<\/div><\/div><\/div><\/div><\/div><\/div><div class=\"wpb_column pos-top pos-center align_left column_parent col-lg-6 boomapps_vccolumn single-internal-gutter\"><div class=\"uncol style-light\"  ><div class=\"uncoltable\" style=\"min-height: 340px;\"><div class=\"uncell  boomapps_vccolumn single-block-padding\" ><div class=\"column-background background-element\">\n\t\t\t\t\t\t\t\t\t\t\t<div class=\"background-wrapper\">\n\t\t\t\t\t\t\t\t\t\t\t\t<div class=\"background-inner\" style=\"background-image: url(https:\/\/malalivrodeartista.com\/wp-content\/uploads\/2025\/04\/Prancheta-1-2.avif);background-repeat: no-repeat;background-position: center center;background-size: cover;\" data-o_src=\"https:\/\/malalivrodeartista.com\/wp-content\/uploads\/2025\/04\/Prancheta-1-2.avif\"><\/div>\n\t\t\t\t\t\t\t\t\t\t\t\t\n\t\t\t\t\t\t\t\t\t\t\t<\/div>\n\t\t\t\t\t\t\t\t\t\t<\/div><div class=\"uncont\" ><\/div><\/div><\/div><\/div><\/div><script id=\"script-row-unique-1\" data-row=\"script-row-unique-1\" type=\"text\/javascript\" class=\"vc_controls\">UNCODE.initRow(document.getElementById(\"row-unique-1\"));<\/script><\/div><\/div><\/div><div data-parent=\"true\" class=\"vc_row style-color-wayh-bg row-container boomapps_vcrow\" id=\"row-unique-2\"><div class=\"row unequal col-no-gutter no-top-padding no-bottom-padding no-h-padding full-width row-parent\"><div class=\"wpb_row auto-height-device row-inner\"><div class=\"wpb_column pos-top pos-center align_left column_parent col-lg-6 boomapps_vccolumn single-internal-gutter\"><div class=\"uncol style-light\"  ><div class=\"uncoltable\" style=\"min-height: 340px;\"><div class=\"uncell  boomapps_vccolumn single-block-padding\" ><div class=\"column-background background-element\">\n\t\t\t\t\t\t\t\t\t\t\t<div class=\"background-wrapper\">\n\t\t\t\t\t\t\t\t\t\t\t\t<div class=\"background-inner\" style=\"background-image: url(https:\/\/malalivrodeartista.com\/wp-content\/uploads\/2025\/04\/chica.avif);background-repeat: no-repeat;background-position: center center;background-size: cover;\" data-o_src=\"https:\/\/malalivrodeartista.com\/wp-content\/uploads\/2025\/04\/chica.avif\"><\/div>\n\t\t\t\t\t\t\t\t\t\t\t\t\n\t\t\t\t\t\t\t\t\t\t\t<\/div>\n\t\t\t\t\t\t\t\t\t\t<\/div><div class=\"uncont\" ><\/div><\/div><\/div><\/div><\/div><div class=\"wpb_column pos-top pos-center align_left column_parent col-lg-6 boomapps_vccolumn single-internal-gutter\"><div class=\"uncol style-dark\"  ><div class=\"uncoltable\"><div class=\"uncell  boomapps_vccolumn quad-block-padding\" ><div class=\"uncont\" style=\" max-width:528px;\" ><div class=\"vc_custom_heading_wrap \"><div class=\"heading-text el-text\" ><h2 class=\"fontsize-155944\" ><span>Chica Boyriven<\/span><\/h2><\/div><div class=\"clear\"><\/div><\/div><div class=\"uncode_text_column text-lead\" ><\/p>\n<p class=\"font_8 wixui-rich-text__text\">Chica Boyriven traz consigo uma trajet\u00f3ria rica e multicultural, tendo vivido entre continentes e mergulhado em duas culturas distintas desde o seu nascimento em S\u00e3o Paulo, no ano de 1961, de pais franceses. Sua jornada art\u00edstica iniciou-se logo ap\u00f3s concluir o colegial, quando se mudou para Paris e ingressou na renomada escola de Belas Artes. L\u00e1, teve a oportunidade de aprimorar seu talento em desenho no atelier de Pierre Alechinsky, um proeminente artista associado ao<br class=\"wixui-rich-text__text\" \/>movimento COBRA (Copenhague, Bruxelas, Amsterd\u00e3). O movimento COBRA, conhecido por sua exalta\u00e7\u00e3o \u00e0 cultura primitiva e \u00e0 arte n\u00e3o convencional, incluindo express\u00f5es das artes pr\u00e9-hist\u00f3ricas e medievais, tornou-se uma fonte fundamental de inspira\u00e7\u00e3o para Chica Boyriven. Durante uma d\u00e9cada, ela dedicou-se ao estudo e pr\u00e1tica de diversas t\u00e9cnicas de gravura no atelier &#8220;Arts du Livre&#8221;, colaborando com a artista Mireille Baltar.<\/p>\n<p class=\"font_8 wixui-rich-text__text\">Al\u00e9m disso, complementou sua forma\u00e7\u00e3o ao cursar dois anos de encaderna\u00e7\u00e3o na Escola Municipal dos &#8220;M\u00e9tiers de l&#8217;Artisanat&#8221; em Paris. Ao longo de sua carreira, Chica realizou diversas exposi\u00e7\u00f5es tanto individuais quanto coletivas,<br class=\"wixui-rich-text__text\" \/>exibindo suas obras em galerias e espa\u00e7os culturais no Brasil, Fran\u00e7a e Alemanha.<\/p>\n<p class=\"font_8 wixui-rich-text__text\"><span class=\"wixui-rich-text__text\">\u200b<\/span><\/p>\n<p class=\"font_8 wixui-rich-text__text\"><span class=\"wixui-rich-text__text\"><a class=\"wixui-rich-text__text\" href=\"https:\/\/www.instagram.com\/chicaboyriven\/\" target=\"_blank\" rel=\"noreferrer noopener\">@chicaboyriven<\/a><\/span><\/p>\n<p>\n<\/div><\/div><\/div><\/div><\/div><\/div><script id=\"script-row-unique-2\" data-row=\"script-row-unique-2\" type=\"text\/javascript\" class=\"vc_controls\">UNCODE.initRow(document.getElementById(\"row-unique-2\"));<\/script><\/div><\/div><\/div>\n<\/div>","protected":false},"excerpt":{"rendered":"<p>Easy create your team members listings using different custom layout modes, adding descriptions, roles, social profiles, or lightbox options and effects.<\/p>\n","protected":false},"author":1,"featured_media":0,"parent":0,"menu_order":0,"comment_status":"open","ping_status":"closed","template":"","meta":{"footnotes":""},"class_list":["post-158666","page","type-page","status-publish","hentry"],"_links":{"self":[{"href":"https:\/\/malalivrodeartista.com\/pt_br\/wp-json\/wp\/v2\/pages\/158666","targetHints":{"allow":["GET"]}}],"collection":[{"href":"https:\/\/malalivrodeartista.com\/pt_br\/wp-json\/wp\/v2\/pages"}],"about":[{"href":"https:\/\/malalivrodeartista.com\/pt_br\/wp-json\/wp\/v2\/types\/page"}],"author":[{"embeddable":true,"href":"https:\/\/malalivrodeartista.com\/pt_br\/wp-json\/wp\/v2\/users\/1"}],"replies":[{"embeddable":true,"href":"https:\/\/malalivrodeartista.com\/pt_br\/wp-json\/wp\/v2\/comments?post=158666"}],"version-history":[{"count":0,"href":"https:\/\/malalivrodeartista.com\/pt_br\/wp-json\/wp\/v2\/pages\/158666\/revisions"}],"wp:attachment":[{"href":"https:\/\/malalivrodeartista.com\/pt_br\/wp-json\/wp\/v2\/media?parent=158666"}],"curies":[{"name":"wp","href":"https:\/\/api.w.org\/{rel}","templated":true}]}}