{"id":75823,"date":"2019-01-03T17:57:12","date_gmt":"2019-01-03T16:57:12","guid":{"rendered":"https:\/\/undsgn.com\/uncode\/?page_id=75823"},"modified":"2026-04-15T14:49:41","modified_gmt":"2026-04-15T17:49:41","slug":"cursos-2026","status":"publish","type":"page","link":"https:\/\/malalivrodeartista.com\/es\/cursos-2026\/","title":{"rendered":"Cursos 2026"},"content":{"rendered":"<div class=\"wpb-content-wrapper\"><div data-parent=\"true\" class=\"vc_row row-container boomapps_vcrow\" id=\"row-unique-0\"><div class=\"row no-top-padding no-bottom-padding no-h-padding limit-width row-parent\"><div class=\"wpb_row row-inner\"><div class=\"wpb_column pos-top pos-center align_left column_parent col-lg-12 boomapps_vccolumn single-internal-gutter\"><div class=\"uncol style-dark\"  ><div class=\"uncoltable\"><div class=\"uncell  boomapps_vccolumn no-block-padding\" ><div class=\"uncont\" ><\/div><\/div><\/div><\/div><\/div><script id=\"script-row-unique-0\" data-row=\"script-row-unique-0\" type=\"text\/javascript\" class=\"vc_controls\">UNCODE.initRow(document.getElementById(\"row-unique-0\"));<\/script><\/div><\/div><\/div><div data-parent=\"true\" class=\"vc_row inverted-device-order style-color-jevc-bg row-container boomapps_vcrow\" id=\"row-unique-1\"><div class=\"row unequal col-no-gutter no-top-padding no-bottom-padding no-h-padding full-width row-parent\"><div class=\"wpb_row row-inner\"><div class=\"wpb_column pos-top pos-center align_left column_parent col-lg-6 boomapps_vccolumn single-internal-gutter\"><div class=\"uncol style-light\"  ><div class=\"uncoltable\"><div class=\"uncell  boomapps_vccolumn quad-block-padding\" ><div class=\"uncont\" style=\" max-width:528px;\" ><div class=\"vc_custom_heading_wrap\"><div class=\"heading-text el-text\" ><h3 class=\"h3 text-color-xsdn-color\" ><span><strong>pr\u00e9 lan\u00e7amento do <\/strong><strong>cat\u00e1logo MALA 2025<\/strong><\/span><\/h3><\/div><div class=\"clear\"><\/div><\/div><div class=\"uncode_text_column text-lead text-color-xsdn-color\" ><p>Cada a\u00f1o, M.A.L.A. publica un cat\u00e1logo \u00fanico que recopila y documenta los momentos clave de la residencia art\u00edstica. La edici\u00f3n de 2025 abarca las distintas etapas del programa, con registros de la semana de inmersi\u00f3n presencial, la participaci\u00f3n en la Feria del Libro de Pacaembu y las exposiciones celebradas en Par\u00eds en la Galerie Enseigne des Oudin y la M\u00e9diath\u00e8que Marguerite Duras, as\u00ed como visitas a importantes colecciones de libros de artista. En Brasil, el cat\u00e1logo tambi\u00e9n presenta la exposici\u00f3n realizada en la Biblioteca M\u00e1rio de Andrade, entre muchos otros eventos a lo largo del a\u00f1o.<\/p>\n<\/div><div class=\"empty-space empty-half\" ><span class=\"empty-space-inner\"><\/span><\/div>\n<span class=\"btn-container\" ><a role=\"button\"  href=\"https:\/\/malalivrodeartista.com\/es\/producto\/catalogo-mala-2026\/\" class=\"custom-link btn border-width-0 btn-default btn-icon-left\" title=\"Catalogo Mala 2026\" target=\"_blank\">comprar<\/a><\/span><div class=\"empty-space empty-quad desktop-hidden\" ><span class=\"empty-space-inner\"><\/span><\/div>\n<\/div><\/div><\/div><\/div><\/div><div class=\"wpb_column pos-top pos-center align_left column_parent col-lg-6 boomapps_vccolumn single-internal-gutter\"><div class=\"uncol style-light\"  ><div class=\"uncoltable\" style=\"min-height: 340px;\"><div class=\"uncell  boomapps_vccolumn single-block-padding\" ><div class=\"column-background background-element\">\n\t\t\t\t\t\t\t\t\t\t\t<div class=\"background-wrapper\">\n\t\t\t\t\t\t\t\t\t\t\t\t<div class=\"background-inner\" style=\"background-image: url(https:\/\/malalivrodeartista.com\/wp-content\/uploads\/2026\/03\/IMG-20260304-WA00971.jpg);background-repeat: no-repeat;background-position: center center;background-size: cover;\" data-o_src=\"https:\/\/malalivrodeartista.com\/wp-content\/uploads\/2026\/03\/IMG-20260304-WA00971.jpg\"><\/div>\n\t\t\t\t\t\t\t\t\t\t\t\t\n\t\t\t\t\t\t\t\t\t\t\t<\/div>\n\t\t\t\t\t\t\t\t\t\t<\/div><div class=\"uncont\" ><\/div><\/div><\/div><\/div><\/div><script id=\"script-row-unique-1\" data-row=\"script-row-unique-1\" type=\"text\/javascript\" class=\"vc_controls\">UNCODE.initRow(document.getElementById(\"row-unique-1\"));<\/script><\/div><\/div><\/div><div data-parent=\"true\" class=\"vc_row style-color-xsdn-bg row-container boomapps_vcrow\" id=\"row-unique-2\"><div class=\"row limit-width row-parent\"><div class=\"wpb_row row-inner\"><div class=\"wpb_column pos-top pos-center align_left column_parent col-lg-4 boomapps_vccolumn single-internal-gutter\"><div class=\"uncol style-light\"  ><div class=\"uncoltable\"><div class=\"uncell  boomapps_vccolumn no-block-padding\" ><div class=\"uncont\" ><\/div><\/div><\/div><\/div><\/div><div class=\"wpb_column pos-top pos-center align_left column_parent col-lg-4 boomapps_vccolumn single-internal-gutter\"><div class=\"uncol style-light\"  ><div class=\"uncoltable\"><div class=\"uncell  boomapps_vccolumn no-block-padding\" ><div class=\"uncont\" ><div class=\"vc_custom_heading_wrap\"><div class=\"heading-text el-text\" ><h2 class=\"h2 text-color-jevc-color\" ><span><\/p><\/span><span><h2 style=\"text-align: center;\"><strong>cursos intensivos<\/strong><\/h2><\/span><span><p><\/span><\/h2><\/div><div class=\"clear\"><\/div><\/div><\/div><\/div><\/div><\/div><\/div><div class=\"wpb_column pos-top pos-center align_left column_parent col-lg-4 boomapps_vccolumn single-internal-gutter\"><div class=\"uncol style-light\"  ><div class=\"uncoltable\"><div class=\"uncell  boomapps_vccolumn no-block-padding\" ><div class=\"uncont\" ><\/div><\/div><\/div><\/div><\/div><script id=\"script-row-unique-2\" data-row=\"script-row-unique-2\" type=\"text\/javascript\" class=\"vc_controls\">UNCODE.initRow(document.getElementById(\"row-unique-2\"));<\/script><\/div><\/div><\/div><div data-parent=\"true\" class=\"vc_row style-color-xsdn-bg vc_custom_1775675089052 row-container onepage-section boomapps_vcrow\" data-label=\"Woman\" data-name=\"woman\" style=\"margin-top: -20px ;\" id=\"row-unique-3\"><div class=\"row col-double-gutter quad-top-padding single-bottom-padding single-h-padding limit-width row-parent\"><div class=\"wpb_row row-inner\"><div class=\"wpb_column pos-middle pos-center align_left column_parent col-lg-12 boomapps_vccolumn half-internal-gutter\"><div class=\"uncol style-light\"  ><div class=\"uncoltable\"><div class=\"uncell  boomapps_vccolumn no-block-padding\" ><div class=\"uncont\" ><div class=\"uncode_text_column text-color-jevc-color\" ><p>La residencia art\u00edstica M.A.L.A. abre sus puertas a cualquier persona interesada en el mundo de los libros de artista. Los cursos intensivos de corta duraci\u00f3n, abiertos al p\u00fablico, ofrecen la oportunidad de experimentar, intercambiar ideas y profundizar en diferentes pr\u00e1cticas art\u00edsticas.<\/p>\n<\/div><div class=\"empty-space empty-quart\" ><span class=\"empty-space-inner\"><\/span><\/div>\n<div class=\"owl-carousel-wrapper\" >\n\t\t\t\t\t\t\t\t\t\t\t\t\t<div class=\"owl-carousel-container owl-carousel-loading half-gutter\" >\t\t\t\t\t\t\t\t\t\t\t\t<div id=\"index-11558658\" class=\"owl-carousel owl-element owl-height-auto\" data-navmobile=\"false\" data-navspeed=\"400\" data-autoplay=\"true\" data-timeout=\"3000\" data-stagepadding=\"0\" data-lg=\"3\" data-md=\"3\" data-sm=\"1\" data-vp-height=\"false\">\t\t\t<div class=\"tmb tmb-carousel tmb-woocommerce atc-typography-inherit tmb-iso-h33 tmb-light tmb-text-showed tmb-content-center  grid-cat-156 tmb-id-158556 tmb-content-under tmb-media-first tmb-no-bg\" ><div class=\"t-inside animate_when_almost_visible bottom-t-top\" data-delay=\"200\" data-speed=\"1000\"><div class=\"t-entry-visual\"><div class=\"t-entry-visual-tc\"><div class=\"t-entry-visual-cont\"><div class=\"dummy\" style=\"padding-top: 100%;\"><\/div><a role=\"button\" tabindex=\"-1\" href=\"https:\/\/malalivrodeartista.com\/es\/producto\/curso-intensivo-grafismo-autoral-e-encadernacao-japonesa-com-caixa\/\" class=\"pushed\" target=\"_self\" data-lb-index=\"0\"><div class=\"t-entry-visual-overlay\"><div class=\"t-entry-visual-overlay-in style-dark-bg\" style=\"opacity: 0.5;\"><\/div><\/div><div class=\"t-overlay-wrap\"><div class=\"t-overlay-inner\">\n\t\t\t\t\t\t\t\t\t\t\t\t\t\t<div class=\"t-overlay-content\">\n\t\t\t\t\t\t\t\t\t\t\t\t\t\t\t<div class=\"t-overlay-text half-block-padding t-entry-inline-price\"><div class=\"t-entry t-single-line\"><\/div><\/div><\/div><\/div><\/div><img decoding=\"async\" class=\"wp-image-158561\" src=\"https:\/\/malalivrodeartista.com\/wp-content\/uploads\/2026\/03\/642d293c-778e-44be-aa30-c7056b6275ae.jpeg\" width=\"533\" height=\"533\" alt=\"\" srcset=\"https:\/\/malalivrodeartista.com\/wp-content\/uploads\/2026\/03\/642d293c-778e-44be-aa30-c7056b6275ae.jpeg 533w, https:\/\/malalivrodeartista.com\/wp-content\/uploads\/2026\/03\/642d293c-778e-44be-aa30-c7056b6275ae-300x300.jpeg 300w, https:\/\/malalivrodeartista.com\/wp-content\/uploads\/2026\/03\/642d293c-778e-44be-aa30-c7056b6275ae-150x150.jpeg 150w, https:\/\/malalivrodeartista.com\/wp-content\/uploads\/2026\/03\/642d293c-778e-44be-aa30-c7056b6275ae-12x12.jpeg 12w, https:\/\/malalivrodeartista.com\/wp-content\/uploads\/2026\/03\/642d293c-778e-44be-aa30-c7056b6275ae-350x350.jpeg 350w, https:\/\/malalivrodeartista.com\/wp-content\/uploads\/2026\/03\/642d293c-778e-44be-aa30-c7056b6275ae-348x348.jpeg 348w, https:\/\/malalivrodeartista.com\/wp-content\/uploads\/2026\/03\/642d293c-778e-44be-aa30-c7056b6275ae-100x100.jpeg 100w\" sizes=\"(max-width: 533px) 100vw, 533px\" \/><\/a><div class=\"add-to-cart-overlay\"><a href=\"\/es\/wp-json\/wp\/v2\/pages\/75823?add-to-cart=158556\" aria-describedby=\"woocommerce_loop_add_to_cart_link_describedby_158556\" data-quantity=\"1\" class=\"product_type_simple add_to_cart_button ajax_add_to_cart product_button_loop\" data-product_id=\"158556\" data-product_sku=\"\" aria-label=\"A\u00f1adir al carrito: \u201cCurso intensivo grafismo autoral e encaderna\u00e7\u00e3o japonesa com caixa\u201d\" rel=\"nofollow\" data-success_message=\"\u00abCurso intensivo grafismo autoral e encaderna\u00e7\u00e3o japonesa com caixa\u00bb se ha a\u00f1adido a tu carrito\" data-no-translation-aria-label=\"\" data-no-translation-data-success_message=\"\"><span class=\"add_to_cart_text\" data-no-translation=\"\" data-trp-gettext=\"\">Comprar Agora com Pix<\/span><span class=\"view-cart added_to_cart\"><\/span><\/a>\t\t<i class=\"qlwcdc_quick_view button alt\" data-product_id=\"158556\">+<\/i>\n\t\t\t\t\n\t<span id=\"woocommerce_loop_add_to_cart_link_describedby_158556\" class=\"screen-reader-text\">\n\t\t\t<\/span>\n<\/div><\/div>\n\t\t\t\t\t<\/div>\n\t\t\t\t<\/div><div class=\"t-entry-text\">\n\t\t\t\t\t\t\t\t\t<div class=\"t-entry-text-tc half-block-padding t-entry-inline-price\"><div class=\"t-entry\"><h3 class=\"t-entry-title h5 font-weight-500 fontspace-781688 title-scale\"><a href=\"https:\/\/malalivrodeartista.com\/es\/producto\/curso-intensivo-grafismo-autoral-e-encadernacao-japonesa-com-caixa\/\" target=\"_self\">Curso intensivo grafismo autoral e encaderna\u00e7\u00e3o japonesa com caixa<span class=\"price h5 font-weight-500 fontspace-781688 title-scale\"><ins class=\"h3\"><span class=\"woocommerce-Price-amount amount\"><bdi><span class=\"woocommerce-Price-currencySymbol\">&#82;&#36;<\/span>1,190.00<\/bdi><\/span><\/ins><\/span><\/a><\/h3><\/div><\/div>\n\t\t\t\t\t\t\t<\/div><\/div><\/div><div class=\"tmb tmb-carousel tmb-woocommerce atc-typography-inherit tmb-iso-h33 tmb-light tmb-text-showed tmb-content-center  grid-cat-156 tmb-id-158563 tmb-content-under tmb-media-first tmb-no-bg\" ><div class=\"t-inside animate_when_almost_visible bottom-t-top\" data-delay=\"200\" data-speed=\"1000\"><div class=\"t-entry-visual\"><div class=\"t-entry-visual-tc\"><div class=\"t-entry-visual-cont\"><div class=\"dummy\" style=\"padding-top: 137.5%;\"><\/div><a role=\"button\" tabindex=\"-1\" href=\"https:\/\/malalivrodeartista.com\/es\/producto\/curso-xilogravura-em-concertina\/\" class=\"pushed\" target=\"_self\" data-lb-index=\"1\"><div class=\"t-entry-visual-overlay\"><div class=\"t-entry-visual-overlay-in style-dark-bg\" style=\"opacity: 0.5;\"><\/div><\/div><div class=\"t-overlay-wrap\"><div class=\"t-overlay-inner\">\n\t\t\t\t\t\t\t\t\t\t\t\t\t\t<div class=\"t-overlay-content\">\n\t\t\t\t\t\t\t\t\t\t\t\t\t\t\t<div class=\"t-overlay-text half-block-padding t-entry-inline-price\"><div class=\"t-entry t-single-line\"><\/div><\/div><\/div><\/div><\/div><img decoding=\"async\" class=\"wp-image-158566\" src=\"https:\/\/malalivrodeartista.com\/wp-content\/uploads\/2026\/03\/16508593_1468558223175242_2716031170453237128_n_698.jpg\" width=\"698\" height=\"960\" alt=\"\" srcset=\"https:\/\/malalivrodeartista.com\/wp-content\/uploads\/2026\/03\/16508593_1468558223175242_2716031170453237128_n_698.jpg 698w, https:\/\/malalivrodeartista.com\/wp-content\/uploads\/2026\/03\/16508593_1468558223175242_2716031170453237128_n_698-218x300.jpg 218w, https:\/\/malalivrodeartista.com\/wp-content\/uploads\/2026\/03\/16508593_1468558223175242_2716031170453237128_n_698-9x12.jpg 9w, https:\/\/malalivrodeartista.com\/wp-content\/uploads\/2026\/03\/16508593_1468558223175242_2716031170453237128_n_698-350x481.jpg 350w, https:\/\/malalivrodeartista.com\/wp-content\/uploads\/2026\/03\/16508593_1468558223175242_2716031170453237128_n_698-600x825.jpg 600w\" sizes=\"(max-width: 698px) 100vw, 698px\" \/><\/a><div class=\"add-to-cart-overlay\"><a href=\"\/es\/wp-json\/wp\/v2\/pages\/75823?add-to-cart=158563\" aria-describedby=\"woocommerce_loop_add_to_cart_link_describedby_158563\" data-quantity=\"1\" class=\"product_type_simple add_to_cart_button ajax_add_to_cart product_button_loop\" data-product_id=\"158563\" data-product_sku=\"\" aria-label=\"A\u00f1adir al carrito: \u201cCurso \u201cXilogravura em concertina\u201d\u201d\" rel=\"nofollow\" data-success_message=\"\u00abCurso \u201cXilogravura em concertina\u201d\u00bb se ha a\u00f1adido a tu carrito\" data-no-translation-aria-label=\"\" data-no-translation-data-success_message=\"\"><span class=\"add_to_cart_text\" data-no-translation=\"\" data-trp-gettext=\"\">Comprar Agora com Pix<\/span><span class=\"view-cart added_to_cart\"><\/span><\/a>\t\t<i class=\"qlwcdc_quick_view button alt\" data-product_id=\"158563\">+<\/i>\n\t\t\t\t\n\t<span id=\"woocommerce_loop_add_to_cart_link_describedby_158563\" class=\"screen-reader-text\">\n\t\t\t<\/span>\n<\/div><\/div>\n\t\t\t\t\t<\/div>\n\t\t\t\t<\/div><div class=\"t-entry-text\">\n\t\t\t\t\t\t\t\t\t<div class=\"t-entry-text-tc half-block-padding t-entry-inline-price\"><div class=\"t-entry\"><h3 class=\"t-entry-title h5 font-weight-500 fontspace-781688 title-scale\"><a href=\"https:\/\/malalivrodeartista.com\/es\/producto\/curso-xilogravura-em-concertina\/\" target=\"_self\">Curso \u201cXilogravura em concertina\u201d<span class=\"price h5 font-weight-500 fontspace-781688 title-scale\"><ins class=\"h3\"><span class=\"woocommerce-Price-amount amount\"><bdi><span class=\"woocommerce-Price-currencySymbol\">&#82;&#36;<\/span>720.00<\/bdi><\/span><\/ins><\/span><\/a><\/h3><\/div><\/div>\n\t\t\t\t\t\t\t<\/div><\/div><\/div><div class=\"tmb tmb-carousel tmb-woocommerce atc-typography-inherit tmb-iso-h33 tmb-light tmb-text-showed tmb-content-center  grid-cat-156 tmb-id-158617 tmb-content-under tmb-media-first tmb-no-bg\" ><div class=\"t-inside animate_when_almost_visible bottom-t-top\" data-delay=\"200\" data-speed=\"1000\"><div class=\"t-entry-visual\"><div class=\"t-entry-visual-tc\"><div class=\"t-entry-visual-cont\"><div class=\"dummy\" style=\"padding-top: 78.3%;\"><\/div><a role=\"button\" tabindex=\"-1\" href=\"https:\/\/malalivrodeartista.com\/es\/producto\/curso-breve-historia-social-da-gravura-brasileira\/\" class=\"pushed\" target=\"_self\" data-lb-index=\"2\"><div class=\"t-entry-visual-overlay\"><div class=\"t-entry-visual-overlay-in style-dark-bg\" style=\"opacity: 0.5;\"><\/div><\/div><div class=\"t-overlay-wrap\"><div class=\"t-overlay-inner\">\n\t\t\t\t\t\t\t\t\t\t\t\t\t\t<div class=\"t-overlay-content\">\n\t\t\t\t\t\t\t\t\t\t\t\t\t\t\t<div class=\"t-overlay-text half-block-padding t-entry-inline-price\"><div class=\"t-entry t-single-line\"><\/div><\/div><\/div><\/div><\/div><img decoding=\"async\" class=\"wp-image-158686\" src=\"https:\/\/malalivrodeartista.com\/wp-content\/uploads\/2026\/03\/64573_ca_object_representations_media_293_large.jpg\" width=\"700\" height=\"548\" alt=\"\" srcset=\"https:\/\/malalivrodeartista.com\/wp-content\/uploads\/2026\/03\/64573_ca_object_representations_media_293_large.jpg 700w, https:\/\/malalivrodeartista.com\/wp-content\/uploads\/2026\/03\/64573_ca_object_representations_media_293_large-300x235.jpg 300w, https:\/\/malalivrodeartista.com\/wp-content\/uploads\/2026\/03\/64573_ca_object_representations_media_293_large-15x12.jpg 15w, https:\/\/malalivrodeartista.com\/wp-content\/uploads\/2026\/03\/64573_ca_object_representations_media_293_large-350x274.jpg 350w, https:\/\/malalivrodeartista.com\/wp-content\/uploads\/2026\/03\/64573_ca_object_representations_media_293_large-600x470.jpg 600w\" sizes=\"(max-width: 700px) 100vw, 700px\" \/><\/a><div class=\"add-to-cart-overlay\"><a href=\"\/es\/wp-json\/wp\/v2\/pages\/75823?add-to-cart=158617\" aria-describedby=\"woocommerce_loop_add_to_cart_link_describedby_158617\" data-quantity=\"1\" class=\"product_type_simple add_to_cart_button ajax_add_to_cart product_button_loop\" data-product_id=\"158617\" data-product_sku=\"\" aria-label=\"A\u00f1adir al carrito: \u201cCurso \u201cBreve Hist\u00f3ria Social da Gravura Brasileira\u201d\u201d\" rel=\"nofollow\" data-success_message=\"\u00abCurso \u201cBreve Hist\u00f3ria Social da Gravura Brasileira\u201d\u00bb se ha a\u00f1adido a tu carrito\" data-no-translation-aria-label=\"\" data-no-translation-data-success_message=\"\"><span class=\"add_to_cart_text\" data-no-translation=\"\" data-trp-gettext=\"\">Comprar Agora com Pix<\/span><span class=\"view-cart added_to_cart\"><\/span><\/a>\t\t<i class=\"qlwcdc_quick_view button alt\" data-product_id=\"158617\">+<\/i>\n\t\t\t\t\n\t<span id=\"woocommerce_loop_add_to_cart_link_describedby_158617\" class=\"screen-reader-text\">\n\t\t\t<\/span>\n<\/div><\/div>\n\t\t\t\t\t<\/div>\n\t\t\t\t<\/div><div class=\"t-entry-text\">\n\t\t\t\t\t\t\t\t\t<div class=\"t-entry-text-tc half-block-padding t-entry-inline-price\"><div class=\"t-entry\"><h3 class=\"t-entry-title h5 font-weight-500 fontspace-781688 title-scale\"><a href=\"https:\/\/malalivrodeartista.com\/es\/producto\/curso-breve-historia-social-da-gravura-brasileira\/\" target=\"_self\">Curso \u201cBreve Hist\u00f3ria Social da Gravura Brasileira\u201d<span class=\"price h5 font-weight-500 fontspace-781688 title-scale\"><ins class=\"h3\"><span class=\"woocommerce-Price-amount amount\"><bdi><span class=\"woocommerce-Price-currencySymbol\">&#82;&#36;<\/span>280.00<\/bdi><\/span><\/ins><\/span><\/a><\/h3><\/div><\/div>\n\t\t\t\t\t\t\t<\/div><\/div><\/div>\t\t<\/div>\t\n\t\n\n\t<\/div>\t\t\t\t<\/div>\n<\/div><\/div><\/div><\/div><\/div><script id=\"script-row-unique-3\" data-row=\"script-row-unique-3\" type=\"text\/javascript\" class=\"vc_controls\">UNCODE.initRow(document.getElementById(\"row-unique-3\"));<\/script><\/div><\/div><\/div><div data-parent=\"true\" class=\"vc_row style-color-xsdn-bg row-container boomapps_vcrow\" id=\"row-unique-4\"><div class=\"row limit-width row-parent\"><div class=\"wpb_row row-inner\"><div class=\"wpb_column pos-top pos-center align_left column_parent col-lg-4 boomapps_vccolumn single-internal-gutter\"><div class=\"uncol style-light\"  ><div class=\"uncoltable\"><div class=\"uncell  boomapps_vccolumn no-block-padding\" ><div class=\"uncont\" ><\/div><\/div><\/div><\/div><\/div><div class=\"wpb_column pos-top pos-center align_left column_parent col-lg-4 boomapps_vccolumn single-internal-gutter\"><div class=\"uncol style-light\"  ><div class=\"uncoltable\"><div class=\"uncell  boomapps_vccolumn no-block-padding\" ><div class=\"uncont\" ><div class=\"vc_custom_heading_wrap\"><div class=\"heading-text el-text\" ><\/p>\n<h1><strong>Instagram<\/strong><\/h1>\n<p>\n<\/div><div class=\"clear\"><\/div><\/div><\/div><\/div><\/div><\/div><\/div><div class=\"wpb_column pos-top pos-center align_left column_parent col-lg-4 boomapps_vccolumn single-internal-gutter\"><div class=\"uncol style-light\"  ><div class=\"uncoltable\"><div class=\"uncell  boomapps_vccolumn no-block-padding\" ><div class=\"uncont\" ><\/div><\/div><\/div><\/div><\/div><script id=\"script-row-unique-4\" data-row=\"script-row-unique-4\" type=\"text\/javascript\" class=\"vc_controls\">UNCODE.initRow(document.getElementById(\"row-unique-4\"));<\/script><\/div><\/div><\/div><div data-parent=\"true\" class=\"vc_row row-container boomapps_vcrow\" id=\"row-unique-5\"><div class=\"row limit-width row-parent\"><div class=\"wpb_row row-inner\"><div class=\"wpb_column pos-top pos-center align_left column_parent col-lg-12 boomapps_vccolumn single-internal-gutter\"><div class=\"uncol style-light\"  ><div class=\"uncoltable\"><div class=\"uncell  boomapps_vccolumn no-block-padding\" ><div class=\"uncont\" >\n\t<div class=\"wpb_raw_code wpb_raw_html\" >\n\t\t<div class=\"wpb_wrapper\">\n\t\t\t\t\t<div id=\"instagram-gallery-feed-0\" class=\"instagram-gallery-feed\" data-feed=\"{&quot;id&quot;:0,&quot;account_id&quot;:&quot;9675759375844495&quot;,&quot;source&quot;:&quot;username&quot;,&quot;tag&quot;:&quot;wordpress&quot;,&quot;order_by&quot;:&quot;top_media&quot;,&quot;layout&quot;:&quot;masonry&quot;,&quot;limit&quot;:12,&quot;columns&quot;:3,&quot;spacing&quot;:10,&quot;lazy&quot;:false,&quot;responsive&quot;:{&quot;desktop&quot;:{&quot;columns&quot;:3,&quot;spacing&quot;:10},&quot;tablet&quot;:{&quot;columns&quot;:2,&quot;spacing&quot;:8},&quot;mobile&quot;:{&quot;columns&quot;:1,&quot;spacing&quot;:6},&quot;breakpoints&quot;:{&quot;tablet&quot;:768,&quot;mobile&quot;:480}},&quot;aspect_ratio&quot;:{&quot;width&quot;:1,&quot;height&quot;:1},&quot;highlight&quot;:{&quot;tag&quot;:&quot;&quot;,&quot;id&quot;:&quot;&quot;,&quot;position&quot;:&quot;1,3,5&quot;},&quot;reel&quot;:{&quot;hide&quot;:false},&quot;copyright&quot;:{&quot;hide&quot;:false,&quot;placeholder&quot;:&quot;&quot;},&quot;profile&quot;:{&quot;display&quot;:false,&quot;username&quot;:&quot;&quot;,&quot;nickname&quot;:&quot;&quot;,&quot;website&quot;:&quot;&quot;,&quot;biography&quot;:&quot;&quot;,&quot;link_text&quot;:&quot;Follow&quot;,&quot;website_text&quot;:&quot;Website&quot;,&quot;avatar&quot;:&quot;&quot;},&quot;box&quot;:{&quot;display&quot;:false,&quot;padding&quot;:1,&quot;radius&quot;:0,&quot;background&quot;:&quot;#fefefe&quot;,&quot;profile&quot;:false,&quot;desc&quot;:&quot;&quot;,&quot;text_color&quot;:&quot;#000000&quot;},&quot;mask&quot;:{&quot;display&quot;:true,&quot;background&quot;:&quot;#000000&quot;,&quot;icon_color&quot;:&quot;#ffffff&quot;,&quot;likes_count&quot;:true,&quot;comments_count&quot;:true},&quot;card&quot;:{&quot;display&quot;:false,&quot;radius&quot;:1,&quot;font_size&quot;:12,&quot;background&quot;:&quot;#ffffff&quot;,&quot;background_hover&quot;:&quot;&quot;,&quot;text_color&quot;:&quot;#000000&quot;,&quot;padding&quot;:5,&quot;likes_count&quot;:true,&quot;text_length&quot;:10,&quot;comments_count&quot;:true,&quot;text_align&quot;:&quot;left&quot;},&quot;carousel&quot;:{&quot;centered_slides&quot;:false,&quot;autoplay&quot;:false,&quot;autoplay_interval&quot;:3000,&quot;navarrows&quot;:true,&quot;navarrows_color&quot;:&quot;&quot;,&quot;pagination&quot;:true,&quot;pagination_color&quot;:&quot;&quot;},&quot;modal&quot;:{&quot;display&quot;:true,&quot;profile&quot;:true,&quot;media_description&quot;:true,&quot;likes_count&quot;:true,&quot;comments_count&quot;:true,&quot;comments_list&quot;:false,&quot;text_align&quot;:&quot;left&quot;,&quot;modal_align&quot;:&quot;right&quot;,&quot;text_length&quot;:10000,&quot;font_size&quot;:12},&quot;button&quot;:{&quot;display&quot;:true,&quot;text&quot;:&quot;View on Instagram&quot;,&quot;text_color&quot;:&quot;#ffff&quot;,&quot;background&quot;:&quot;&quot;,&quot;background_hover&quot;:&quot;&quot;},&quot;button_load&quot;:{&quot;display&quot;:false,&quot;text&quot;:&quot;Load more...&quot;,&quot;text_color&quot;:&quot;#ffff&quot;,&quot;background&quot;:&quot;&quot;,&quot;background_hover&quot;:&quot;&quot;}}\">\n\t\t<!-- <FeedContainer\/> -->\n\t\t<\/div>\n\t\t\n\t\t<\/div>\n\t<\/div>\n<\/div><\/div><\/div><\/div><\/div><script id=\"script-row-unique-5\" data-row=\"script-row-unique-5\" type=\"text\/javascript\" class=\"vc_controls\">UNCODE.initRow(document.getElementById(\"row-unique-5\"));<\/script><\/div><\/div><\/div>\n<\/div>","protected":false},"excerpt":{"rendered":"","protected":false},"author":1,"featured_media":158561,"parent":0,"menu_order":0,"comment_status":"closed","ping_status":"closed","template":"","meta":{"footnotes":""},"class_list":["post-75823","page","type-page","status-publish","has-post-thumbnail","hentry"],"_links":{"self":[{"href":"https:\/\/malalivrodeartista.com\/es\/wp-json\/wp\/v2\/pages\/75823","targetHints":{"allow":["GET"]}}],"collection":[{"href":"https:\/\/malalivrodeartista.com\/es\/wp-json\/wp\/v2\/pages"}],"about":[{"href":"https:\/\/malalivrodeartista.com\/es\/wp-json\/wp\/v2\/types\/page"}],"author":[{"embeddable":true,"href":"https:\/\/malalivrodeartista.com\/es\/wp-json\/wp\/v2\/users\/1"}],"replies":[{"embeddable":true,"href":"https:\/\/malalivrodeartista.com\/es\/wp-json\/wp\/v2\/comments?post=75823"}],"version-history":[{"count":0,"href":"https:\/\/malalivrodeartista.com\/es\/wp-json\/wp\/v2\/pages\/75823\/revisions"}],"wp:featuredmedia":[{"embeddable":true,"href":"https:\/\/malalivrodeartista.com\/es\/wp-json\/wp\/v2\/media\/158561"}],"wp:attachment":[{"href":"https:\/\/malalivrodeartista.com\/es\/wp-json\/wp\/v2\/media?parent=75823"}],"curies":[{"name":"wp","href":"https:\/\/api.w.org\/{rel}","templated":true}]}}