{"id":20801,"date":"2015-06-05T16:11:46","date_gmt":"2015-06-05T14:11:46","guid":{"rendered":"https:\/\/undsgn.com\/uncode\/?page_id=20801"},"modified":"2025-10-23T15:59:27","modified_gmt":"2025-10-23T18:59:27","slug":"novidades-2025","status":"publish","type":"page","link":"https:\/\/malalivrodeartista.com\/es\/novidades-2025\/","title":{"rendered":"Novidades 2025"},"content":{"rendered":"<div class=\"wpb-content-wrapper\"><div data-parent=\"true\" class=\"vc_row demo-section demo-dark-background row-container boomapps_vcrow\" id=\"row-unique-0\"><div class=\"row double-top-padding double-bottom-padding single-h-padding limit-width row-parent\" data-height-ratio=\"full\"><div class=\"wpb_row row-inner\"><div class=\"wpb_column pos-middle pos-center align_left column_parent col-lg-12 boomapps_vccolumn single-internal-gutter\"><div class=\"uncol style-dark\"  ><div class=\"uncoltable\"><div class=\"uncell  boomapps_vccolumn no-block-padding\" ><div class=\"uncont\" ><div class=\"vc_custom_heading_wrap\"><div class=\"heading-text el-text\" ><h2 class=\"h2\" ><span><\/p><\/span><span><h1 style=\"text-align: center;\">Novidades<\/h1><\/span><span><p><\/span><\/h2><\/div><div class=\"clear\"><\/div><\/div><div class=\"owl-carousel-wrapper carousel-overflow-visible carousel-animation-first\" >\n\t\t\t\t\t\t\t\t\t\t\t\t\t<div class=\"owl-carousel-container owl-carousel-loading double-gutter\" >\t\t\t\t\t\t\t\t\t\t\t\t<div id=\"index-1660365\" class=\"owl-carousel owl-element owl-height-auto owl-dots-db-space owl-dots-outside owl-dots-single-block-padding owl-dots-align-center\" data-loop=\"true\" data-dots=\"true\" data-dotsmobile=\"true\" data-navmobile=\"false\" data-navspeed=\"400\" data-autoplay=\"true\" data-timeout=\"5000\" data-stagepadding=\"55\" data-lg=\"1\" data-md=\"1\" data-sm=\"1\" data-vp-height=\"false\">\t\t\t<div class=\"tmb tmb-carousel atc-typography-inherit tmb-iso-h33 tmb-light tmb-text-showed tmb-content-left tmb-image-anim tmb-shadowed tmb-shadowed-darker-lg tmb-meta-size-default  grid-cat-161 tmb-id-158292 tmb-img-ratio tmb-content-under tmb-media-first\" ><div class=\"t-inside style-color-xsdn-bg animate_when_almost_visible right-t-left\" data-delay=\"200\" data-cursor=\"icon-accent\"><div class=\"t-entry-visual\"><div class=\"t-entry-visual-tc\"><div class=\"t-entry-visual-cont\"><span class=\"t-cat-over single-block-padding t-cat-over-topright\"><span class=\"t-entry-category t-entry-category-161 t-cat-over-inner\"><a class=\"style-accent-bg tmb-term-evidence font-ui\" href=\"https:\/\/malalivrodeartista.com\/es\/category\/newsletter\/\">Newsletter<\/a><\/span><\/span><div class=\"dummy\" style=\"padding-top: 66.6%;\"><\/div><a role=\"button\" tabindex=\"-1\" href=\"https:\/\/malalivrodeartista.com\/es\/travessia\/\" class=\"pushed\" target=\"_self\" data-lb-index=\"0\"><div class=\"t-entry-visual-overlay\"><div class=\"t-entry-visual-overlay-in style-dark-bg\" style=\"opacity: 0.5;\"><\/div><\/div><img decoding=\"async\" class=\"wp-image-158302\" src=\"https:\/\/malalivrodeartista.com\/wp-content\/uploads\/2025\/10\/WhatsApp-Image-2025-12-18-at-15.10.19-uai-1600x1066.jpeg\" width=\"1600\" height=\"1066\" alt=\"\" srcset=\"https:\/\/malalivrodeartista.com\/wp-content\/uploads\/2025\/10\/WhatsApp-Image-2025-12-18-at-15.10.19-uai-1600x1066.jpeg 1600w, https:\/\/malalivrodeartista.com\/wp-content\/uploads\/2025\/10\/WhatsApp-Image-2025-12-18-at-15.10.19-uai-258x172.jpeg 258w\" sizes=\"(max-width: 1600px) 100vw, 1600px\" \/><\/a><\/div>\n\t\t\t\t\t<\/div>\n\t\t\t\t<\/div><div class=\"t-entry-text\">\n\t\t\t\t\t\t\t\t\t<div class=\"t-entry-text-tc single-block-padding\"><div class=\"t-entry\"><p class=\"t-entry-meta\"><span class=\"t-entry-date\">24 de octubre de 2025<\/span><\/p><h3 class=\"t-entry-title h4 font-weight-700 fontspace-781688 title-scale\"><a href=\"https:\/\/malalivrodeartista.com\/es\/travessia\/\" target=\"_self\">Traves\u00eda en la BMA<\/a><\/h3><div class=\"t-entry-excerpt\"><p>When you are alone for days or weeks at a time, you eventually become drawn to people.\u2026<\/p><\/div><hr \/><p class=\"t-entry-comments entry-small\"><span class=\"extras\"><a class=\"extras-wrap\" href=\"https:\/\/malalivrodeartista.com\/es\/travessia\/#respond\" title=\"title\"><i class=\"fa fa-speech-bubble\"><\/i><span>0 Comments<\/span><\/a><span class=\"extras-wrap\"><i class=\"fa fa-watch\"><\/i><span>3 Minutes<\/span><\/span><\/span><\/p><\/div><\/div>\n\t\t\t\t\t\t\t<\/div><\/div><\/div><div class=\"tmb tmb-carousel atc-typography-inherit tmb-iso-h33 tmb-light tmb-text-showed tmb-content-left tmb-image-anim tmb-shadowed tmb-shadowed-darker-lg tmb-meta-size-default  grid-cat-161 tmb-id-158064 tmb-img-ratio tmb-content-under tmb-media-first\" ><div class=\"t-inside style-color-xsdn-bg animate_when_almost_visible right-t-left\" data-delay=\"200\" data-cursor=\"icon-accent\"><div class=\"t-entry-visual\"><div class=\"t-entry-visual-tc\"><div class=\"t-entry-visual-cont\"><span class=\"t-cat-over single-block-padding t-cat-over-topright\"><span class=\"t-entry-category t-entry-category-161 t-cat-over-inner\"><a class=\"style-accent-bg tmb-term-evidence font-ui\" href=\"https:\/\/malalivrodeartista.com\/es\/category\/newsletter\/\">Newsletter<\/a><\/span><\/span><div class=\"dummy\" style=\"padding-top: 66.6%;\"><\/div><a role=\"button\" tabindex=\"-1\" href=\"https:\/\/malalivrodeartista.com\/es\/mediatheque-marguerite-duras\/\" class=\"pushed\" target=\"_self\" data-lb-index=\"1\"><div class=\"t-entry-visual-overlay\"><div class=\"t-entry-visual-overlay-in style-dark-bg\" style=\"opacity: 0.5;\"><\/div><\/div><img decoding=\"async\" class=\"wp-image-157468\" src=\"https:\/\/malalivrodeartista.com\/wp-content\/uploads\/2021\/12\/VAF0589-scaled-uai-2560x1706.jpg\" width=\"2560\" height=\"1706\" alt=\"\" srcset=\"https:\/\/malalivrodeartista.com\/wp-content\/uploads\/2021\/12\/VAF0589-scaled-uai-2560x1706.jpg 2560w, https:\/\/malalivrodeartista.com\/wp-content\/uploads\/2021\/12\/VAF0589-scaled-uai-258x172.jpg 258w\" sizes=\"(max-width: 2560px) 100vw, 2560px\" \/><\/a><\/div>\n\t\t\t\t\t<\/div>\n\t\t\t\t<\/div><div class=\"t-entry-text\">\n\t\t\t\t\t\t\t\t\t<div class=\"t-entry-text-tc single-block-padding\"><div class=\"t-entry\"><p class=\"t-entry-meta\"><span class=\"t-entry-date\">24 de octubre de 2025<\/span><\/p><h3 class=\"t-entry-title h4 font-weight-700 fontspace-781688 title-scale\"><a href=\"https:\/\/malalivrodeartista.com\/es\/mediatheque-marguerite-duras\/\" target=\"_self\">Mediatheque Marguerite Duras<\/a><\/h3><div class=\"t-entry-excerpt\"><p>When you are alone for days or weeks at a time, you eventually become drawn to people.\u2026<\/p><\/div><hr \/><p class=\"t-entry-comments entry-small\"><span class=\"extras\"><a class=\"extras-wrap\" href=\"https:\/\/malalivrodeartista.com\/es\/mediatheque-marguerite-duras\/#respond\" title=\"title\"><i class=\"fa fa-speech-bubble\"><\/i><span>0 Comments<\/span><\/a><span class=\"extras-wrap\"><i class=\"fa fa-watch\"><\/i><span>2 Minutes<\/span><\/span><\/span><\/p><\/div><\/div>\n\t\t\t\t\t\t\t<\/div><\/div><\/div><div class=\"tmb tmb-carousel atc-typography-inherit tmb-iso-h33 tmb-light tmb-text-showed tmb-content-left tmb-image-anim tmb-shadowed tmb-shadowed-darker-lg tmb-meta-size-default  grid-cat-161 tmb-id-158060 tmb-img-ratio tmb-content-under tmb-media-first\" ><div class=\"t-inside style-color-xsdn-bg animate_when_almost_visible right-t-left\" data-delay=\"200\" data-cursor=\"icon-accent\"><div class=\"t-entry-visual\"><div class=\"t-entry-visual-tc\"><div class=\"t-entry-visual-cont\"><span class=\"t-cat-over single-block-padding t-cat-over-topright\"><span class=\"t-entry-category t-entry-category-161 t-cat-over-inner\"><a class=\"style-accent-bg tmb-term-evidence font-ui\" href=\"https:\/\/malalivrodeartista.com\/es\/category\/newsletter\/\">Newsletter<\/a><\/span><\/span><div class=\"dummy\" style=\"padding-top: 66.6%;\"><\/div><a role=\"button\" tabindex=\"-1\" href=\"https:\/\/malalivrodeartista.com\/es\/exposicao-travessia-bma\/\" class=\"pushed\" target=\"_self\" data-lb-index=\"2\"><div class=\"t-entry-visual-overlay\"><div class=\"t-entry-visual-overlay-in style-dark-bg\" style=\"opacity: 0.5;\"><\/div><\/div><img decoding=\"async\" class=\"wp-image-157335\" src=\"https:\/\/malalivrodeartista.com\/wp-content\/uploads\/2021\/12\/VAF0514-scaled-uai-2560x1706.jpg\" width=\"2560\" height=\"1706\" alt=\"\" srcset=\"https:\/\/malalivrodeartista.com\/wp-content\/uploads\/2021\/12\/VAF0514-scaled-uai-2560x1706.jpg 2560w, https:\/\/malalivrodeartista.com\/wp-content\/uploads\/2021\/12\/VAF0514-scaled-uai-258x172.jpg 258w\" sizes=\"(max-width: 2560px) 100vw, 2560px\" \/><\/a><\/div>\n\t\t\t\t\t<\/div>\n\t\t\t\t<\/div><div class=\"t-entry-text\">\n\t\t\t\t\t\t\t\t\t<div class=\"t-entry-text-tc single-block-padding\"><div class=\"t-entry\"><p class=\"t-entry-meta\"><span class=\"t-entry-date\">24 de octubre de 2025<\/span><\/p><h3 class=\"t-entry-title h4 font-weight-700 fontspace-781688 title-scale\"><a href=\"https:\/\/malalivrodeartista.com\/es\/exposicao-travessia-bma\/\" target=\"_self\">Exposi\u00e7\u00e3o Travessia<\/a><\/h3><div class=\"t-entry-excerpt\"><p>When you are alone for days or weeks at a time, you eventually become drawn to people.\u2026<\/p><\/div><hr \/><p class=\"t-entry-comments entry-small\"><span class=\"extras\"><a class=\"extras-wrap\" href=\"https:\/\/malalivrodeartista.com\/es\/exposicao-travessia-bma\/#respond\" title=\"title\"><i class=\"fa fa-speech-bubble\"><\/i><span>0 Comments<\/span><\/a><span class=\"extras-wrap\"><i class=\"fa fa-watch\"><\/i><span>1 Minutes<\/span><\/span><\/span><\/p><\/div><\/div>\n\t\t\t\t\t\t\t<\/div><\/div><\/div>\t\t<\/div>\t\n\t\n\n\t<\/div>\t\t\t\t<\/div>\n<\/div><\/div><\/div><\/div><\/div><script id=\"script-row-unique-0\" data-row=\"script-row-unique-0\" type=\"text\/javascript\" class=\"vc_controls\">UNCODE.initRow(document.getElementById(\"row-unique-0\"));<\/script><\/div><\/div><\/div>\n<\/div>","protected":false},"excerpt":{"rendered":"Abertura da exposi\u00e7\u00e3o Travessia dia 29 de novembro na Biblioteca M\u00e1rio de Andrade &nbsp; Ap\u00f3s uma inspiradora temporada na Fran\u00e7a, [...]","protected":false},"author":1,"featured_media":0,"parent":0,"menu_order":0,"comment_status":"open","ping_status":"closed","template":"","meta":{"footnotes":""},"class_list":["post-20801","page","type-page","status-publish","hentry"],"_links":{"self":[{"href":"https:\/\/malalivrodeartista.com\/es\/wp-json\/wp\/v2\/pages\/20801","targetHints":{"allow":["GET"]}}],"collection":[{"href":"https:\/\/malalivrodeartista.com\/es\/wp-json\/wp\/v2\/pages"}],"about":[{"href":"https:\/\/malalivrodeartista.com\/es\/wp-json\/wp\/v2\/types\/page"}],"author":[{"embeddable":true,"href":"https:\/\/malalivrodeartista.com\/es\/wp-json\/wp\/v2\/users\/1"}],"replies":[{"embeddable":true,"href":"https:\/\/malalivrodeartista.com\/es\/wp-json\/wp\/v2\/comments?post=20801"}],"version-history":[{"count":0,"href":"https:\/\/malalivrodeartista.com\/es\/wp-json\/wp\/v2\/pages\/20801\/revisions"}],"wp:attachment":[{"href":"https:\/\/malalivrodeartista.com\/es\/wp-json\/wp\/v2\/media?parent=20801"}],"curies":[{"name":"wp","href":"https:\/\/api.w.org\/{rel}","templated":true}]}}