{"id":158841,"date":"2026-03-20T16:20:37","date_gmt":"2026-03-20T19:20:37","guid":{"rendered":"https:\/\/malalivrodeartista.com\/?page_id=158841"},"modified":"2026-04-27T15:49:17","modified_gmt":"2026-04-27T18:49:17","slug":"paulosilveira","status":"publish","type":"page","link":"https:\/\/malalivrodeartista.com\/es\/paulosilveira\/","title":{"rendered":"Paulo Silveira"},"content":{"rendered":"<div class=\"wpb-content-wrapper\"><div data-parent=\"true\" class=\"vc_row row-container boomapps_vcrow\" id=\"row-unique-0\"><div class=\"row limit-width row-parent\"><div class=\"wpb_row row-inner\"><div class=\"wpb_column pos-top pos-center align_left column_parent col-lg-12 boomapps_vccolumn single-internal-gutter\"><div class=\"uncol style-light\"  ><div class=\"uncoltable\"><div class=\"uncell  boomapps_vccolumn no-block-padding\" ><div class=\"uncont\" ><div class=\"empty-space empty-single\" ><span class=\"empty-space-inner\"><\/span><\/div>\n<\/div><\/div><\/div><\/div><\/div><script id=\"script-row-unique-0\" data-row=\"script-row-unique-0\" type=\"text\/javascript\" class=\"vc_controls\">UNCODE.initRow(document.getElementById(\"row-unique-0\"));<\/script><\/div><\/div><\/div><div data-parent=\"true\" class=\"vc_row row-container boomapps_vcrow\" id=\"row-unique-1\"><div class=\"row col-double-gutter quad-top-padding single-bottom-padding single-h-padding limit-width row-parent\"><div class=\"wpb_row row-inner\"><div class=\"wpb_column pos-top pos-left align_left align_center_tablet align_center_mobile column_parent col-lg-5 boomapps_vccolumn half-internal-gutter\"><div class=\"uncol style-light shift_y_double\"  ><div class=\"uncoltable\"><div class=\"uncell  boomapps_vccolumn no-block-padding\" ><div class=\"uncont\" style=\" max-width:80%;\" ><div class=\"vc_custom_heading_wrap\"><div class=\"heading-text el-text\" ><h3 class=\"h1\" ><span><span style=\"font-weight: 400;\">artistas e livros, andarilhos pela pr\u00f3pria natureza<\/span><\/p><\/span><span><p><span style=\"font-weight: 400;\">(Paulo Silveira)<\/span><\/span><\/h3><\/div><div class=\"clear\"><\/div><\/div><div class=\"uncode_text_column\" ><p><span style=\"font-weight: 400;\">Para muchos brasile\u00f1os interesados \u200b\u200ben la imagen y la cultura, la figura del artista viajero hist\u00f3rico probablemente ha permanecido v\u00edvida en su memoria desde sus a\u00f1os escolares. En mi caso, durante la adolescencia, esta figura humana surgi\u00f3 en el aula como algo fascinante, y lo sigue siendo hasta el d\u00eda de hoy. Era un artista extranjero, generalmente europeo, un ilustrador talentoso, que abandonaba la comodidad de su hogar para aventurarse en la larga traves\u00eda del oc\u00e9ano Atl\u00e1ntico. Al llegar, plasmaba en dibujos nuestra geograf\u00eda, fauna, flora, etnias y todo aquello que resultaba de inter\u00e9s para el reportaje visual de la \u00e9poca, indispensable hoy en d\u00eda. Son h\u00e9roes de una era pasada, que pon\u00edan la pr\u00e1ctica art\u00edstica al servicio del conocimiento y la difusi\u00f3n, lo cual, por su car\u00e1cter privilegiado, constituye uno de los primeros reconocimientos de nuestra identidad natural y social. Han pasado siglos y han surgido otros imperativos y procedimientos, as\u00ed como nuevos intereses y funciones. La fascinaci\u00f3n del artista por los viajes, por el desplazamiento geogr\u00e1fico, real o imaginario, contin\u00faa, reforzada por los medios de transporte y comunicaci\u00f3n.<\/span><\/p>\n<p><span style=\"font-weight: 400;\">La posibilidad de di\u00e1logo entre los lugares de origen del ensayo visual y los destinos de su apreciaci\u00f3n es el tema de la propuesta ejercida por los miembros de los talleres de residencia M.A.L.A., que no es exactamente un acr\u00f3nimo, sino iniciales estilizadas de Morada Errante de Libros de Artista. La primera edici\u00f3n tuvo lugar en 2024 entre Brasil y M\u00e9xico, en el Z\u00f3calo, la fascinante plaza del centro hist\u00f3rico de la Ciudad de M\u00e9xico, y en la Galer\u00eda P\u00e1gina de S\u00e3o Paulo. La segunda edici\u00f3n, en 2025, tiene un pie en la Biblioteca M\u00e1rio de Andrade (y la Feria del Libro Pacaembu) y el otro en Francia, en Par\u00eds, en la galer\u00eda Enseigne des Oudin y la Mediateca Marguerite Duras.<\/span><\/p>\n<p><span style=\"font-weight: 400;\">En esta nueva trayectoria, el lema del trabajo es <\/span><i><span style=\"font-weight: 400;\">traves\u00eda (travessia)<\/span><\/i><span style=\"font-weight: 400;\">. Desde el pasado hist\u00f3rico, persiste la interacci\u00f3n de identidades geogr\u00e1ficas o la determinaci\u00f3n del lugar, pero hoy el origen de estos nuevos artistas itinerantes y la direcci\u00f3n de su viaje se invierten. La partida es desde este lado del Atl\u00e1ntico, y el arco, que alcanza aproximadamente 9.500 kil\u00f3metros, como indican las gu\u00edas tur\u00edsticas (libros), llega a Europa. El m\u00e9todo de estructuraci\u00f3n de la residencia art\u00edstica fue el di\u00e1logo entre pares, con reuniones presenciales y virtuales, incluyendo discusiones t\u00e9cnicas y cr\u00edticas con profesores invitados. Los miembros del grupo desarrollaron sus repertorios personales con el apoyo de conocimientos nuevos y antiguos de pr\u00e1cticas art\u00edsticas, especialmente encuadernaci\u00f3n creativa, bajo la gu\u00eda especializada de Liliana Pardini, Estela Vilela (ambas en Brasil), Monique Allain (de Estados Unidos) y Chica Boyriven (de Francia). La articulaci\u00f3n entre propuesta y pr\u00e1ctica surgi\u00f3 de forma natural, sin complicaciones. Los libros, por su portabilidad, y los artistas, por su capacidad de viajar, son errantes por naturaleza.<\/span><\/p>\n<p><span style=\"font-weight: 400;\">El contacto con las obras permite verificar la diversidad formal y ret\u00f3rica de los resultados, as\u00ed como el alcance de la propuesta, donde se impuso cierto grado de referencia espaciotemporal al concepto de cruce. Treinta participantes eligieron sus herramientas particulares ya conocidas o se aventuraron en nuevos recursos.<\/span><\/p>\n<\/div><div class=\"empty-space empty-single\" ><span class=\"empty-space-inner\"><\/span><\/div>\n<\/div><\/div><\/div><\/div><\/div><div class=\"wpb_column pos-top pos-center align_left column_parent col-lg-7 boomapps_vccolumn single-internal-gutter\"><div class=\"uncol style-light\"  ><div class=\"uncoltable\"><div class=\"uncell  boomapps_vccolumn no-block-padding\" ><div class=\"uncont\" ><div class=\"empty-space empty-single\" ><span class=\"empty-space-inner\"><\/span><\/div>\n<div class=\"uncode-single-media  text-left\"><div class=\"single-wrapper\" style=\"max-width: 100%;\"><div class=\"tmb tmb-light  tmb-shadowed tmb-shadowed-sm tmb-img-ratio tmb-media-first tmb-media-last tmb-content-overlay tmb-no-bg\"><div class=\"t-inside\"><div class=\"t-entry-visual\"><div class=\"t-entry-visual-tc\"><div class=\"uncode-single-media-wrapper\"><div class=\"dummy\" style=\"padding-top: 75%;\"><\/div><img decoding=\"async\" class=\"wp-image-158347\" src=\"https:\/\/malalivrodeartista.com\/wp-content\/uploads\/2025\/08\/VAF0799-scaled-uai-2266x1700.jpg\" width=\"2266\" height=\"1700\" alt=\"\"><\/div>\n\t\t\t\t\t<\/div>\n\t\t\t\t<\/div><\/div><\/div><\/div><\/div><div class=\"empty-space empty-single\" ><span class=\"empty-space-inner\"><\/span><\/div>\n<div class=\"uncode-single-media  text-left\"><div class=\"single-wrapper\" style=\"max-width: 100%;\"><div class=\"tmb tmb-light  tmb-shadowed tmb-shadowed-sm tmb-img-ratio tmb-media-first tmb-media-last tmb-content-overlay tmb-no-bg\"><div class=\"t-inside\"><div class=\"t-entry-visual\"><div class=\"t-entry-visual-tc\"><div class=\"uncode-single-media-wrapper\"><div class=\"dummy\" style=\"padding-top: 75%;\"><\/div><img decoding=\"async\" class=\"wp-image-157777\" src=\"https:\/\/malalivrodeartista.com\/wp-content\/uploads\/2021\/12\/VAF0597-scaled-uai-1876x1407.jpg\" width=\"1876\" height=\"1407\" alt=\"\"><\/div>\n\t\t\t\t\t<\/div>\n\t\t\t\t<\/div><\/div><\/div><\/div><\/div><div class=\"empty-space empty-single\" ><span class=\"empty-space-inner\"><\/span><\/div>\n<div class=\"uncode-single-media  text-left\"><div class=\"single-wrapper\" style=\"max-width: 100%;\"><div class=\"tmb tmb-light  tmb-shadowed tmb-shadowed-sm tmb-img-ratio tmb-media-first tmb-media-last tmb-content-overlay tmb-no-bg\"><div class=\"t-inside\"><div class=\"t-entry-visual\"><div class=\"t-entry-visual-tc\"><div class=\"uncode-single-media-wrapper\"><div class=\"dummy\" style=\"padding-top: 75%;\"><\/div><img decoding=\"async\" class=\"wp-image-158507\" src=\"https:\/\/malalivrodeartista.com\/wp-content\/uploads\/2025\/08\/VAF0587-scaled-1-uai-2266x1700.jpg\" width=\"2266\" height=\"1700\" alt=\"\"><\/div>\n\t\t\t\t\t<\/div>\n\t\t\t\t<\/div><\/div><\/div><\/div><\/div><div class=\"empty-space empty-single\" ><span class=\"empty-space-inner\"><\/span><\/div>\n<div class=\"uncode-single-media  text-left\"><div class=\"single-wrapper\" style=\"max-width: 100%;\"><div class=\"tmb tmb-light  tmb-shadowed tmb-shadowed-sm tmb-img-ratio tmb-media-first tmb-media-last tmb-content-overlay tmb-no-bg\"><div class=\"t-inside\"><div class=\"t-entry-visual\"><div class=\"t-entry-visual-tc\"><div class=\"uncode-single-media-wrapper\"><div class=\"dummy\" style=\"padding-top: 75%;\"><\/div><img decoding=\"async\" class=\"wp-image-157621\" src=\"https:\/\/malalivrodeartista.com\/wp-content\/uploads\/2021\/12\/VAF0524-scaled-uai-2560x1920.jpg\" width=\"2560\" height=\"1920\" alt=\"\"><\/div>\n\t\t\t\t\t<\/div>\n\t\t\t\t<\/div><\/div><\/div><\/div><\/div><\/div><\/div><\/div><\/div><\/div><script id=\"script-row-unique-1\" data-row=\"script-row-unique-1\" type=\"text\/javascript\" class=\"vc_controls\">UNCODE.initRow(document.getElementById(\"row-unique-1\"));<\/script><\/div><\/div><\/div><div data-parent=\"true\" class=\"vc_row inverted-device-order row-container boomapps_vcrow\" id=\"row-unique-2\"><div class=\"row col-double-gutter no-top-padding quad-bottom-padding single-h-padding limit-width row-parent\"><div class=\"wpb_row row-inner\"><div class=\"wpb_column pos-top pos-center align_left column_parent col-lg-7 boomapps_vccolumn single-internal-gutter\"><div class=\"uncol style-light shift_y_neg_quad\"  ><div class=\"uncoltable\"><div class=\"uncell  boomapps_vccolumn no-block-padding\" ><div class=\"uncont\" ><div class=\"empty-space empty-single\" ><span class=\"empty-space-inner\"><\/span><\/div>\n<div class=\"uncode-single-media  text-left\"><div class=\"single-wrapper\" style=\"max-width: 100%;\"><div class=\"tmb tmb-light  tmb-shadowed tmb-shadowed-std tmb-img-ratio tmb-media-first tmb-media-last tmb-content-overlay tmb-no-bg\"><div class=\"t-inside\"><div class=\"t-entry-visual\"><div class=\"t-entry-visual-tc\"><div class=\"uncode-single-media-wrapper\"><div class=\"dummy\" style=\"padding-top: 75%;\"><\/div><img decoding=\"async\" class=\"wp-image-159128\" src=\"https:\/\/malalivrodeartista.com\/wp-content\/uploads\/2025\/08\/VAF0763-scaled-uai-1700x1275.jpg\" width=\"1700\" height=\"1275\" alt=\"\"><\/div>\n\t\t\t\t\t<\/div>\n\t\t\t\t<\/div><\/div><\/div><\/div><\/div><div class=\"empty-space empty-single\" ><span class=\"empty-space-inner\"><\/span><\/div>\n<div class=\"uncode-single-media  text-left\"><div class=\"single-wrapper\" style=\"max-width: 100%;\"><div class=\"tmb tmb-light  tmb-shadowed tmb-shadowed-std tmb-img-ratio tmb-media-first tmb-media-last tmb-content-overlay tmb-no-bg\"><div class=\"t-inside\"><div class=\"t-entry-visual\"><div class=\"t-entry-visual-tc\"><div class=\"uncode-single-media-wrapper\"><div class=\"dummy\" style=\"padding-top: 75%;\"><\/div><img decoding=\"async\" class=\"wp-image-157562\" src=\"https:\/\/malalivrodeartista.com\/wp-content\/uploads\/2021\/12\/VAF0697-scaled-uai-2270x1703.jpg\" width=\"2270\" height=\"1703\" alt=\"\"><\/div>\n\t\t\t\t\t<\/div>\n\t\t\t\t<\/div><\/div><\/div><\/div><\/div><div class=\"empty-space empty-single\" ><span class=\"empty-space-inner\"><\/span><\/div>\n<div class=\"uncode-single-media  text-left\"><div class=\"single-wrapper\" style=\"max-width: 100%;\"><div class=\"tmb tmb-light  tmb-shadowed tmb-shadowed-std tmb-img-ratio tmb-media-first tmb-media-last tmb-content-overlay tmb-no-bg\"><div class=\"t-inside\"><div class=\"t-entry-visual\"><div class=\"t-entry-visual-tc\"><div class=\"uncode-single-media-wrapper\"><div class=\"dummy\" style=\"padding-top: 75%;\"><\/div><img decoding=\"async\" class=\"wp-image-157436\" src=\"https:\/\/malalivrodeartista.com\/wp-content\/uploads\/2021\/12\/VAF0261-scaled-uai-2266x1700.jpg\" width=\"2266\" height=\"1700\" alt=\"\"><\/div>\n\t\t\t\t\t<\/div>\n\t\t\t\t<\/div><\/div><\/div><\/div><\/div><div class=\"empty-space empty-single\" ><span class=\"empty-space-inner\"><\/span><\/div>\n<\/div><\/div><\/div><\/div><\/div><div class=\"wpb_column pos-middle pos-right align_left align_center_tablet align_center_mobile column_parent col-lg-5 boomapps_vccolumn half-internal-gutter\"><div class=\"uncol style-light\"  ><div class=\"uncoltable\"><div class=\"uncell  boomapps_vccolumn no-block-padding\" ><div class=\"uncont\" style=\" max-width:80%;\" ><div class=\"uncode_text_column\" ><p><span style=\"font-weight: 400;\">\u00a0El resultado alcanzado permite que la declaraci\u00f3n metaf\u00f3rica \"\u00a1Tierra a la vista!\" se convierta en una afirmaci\u00f3n casi audible. Se trata, sin duda, de artistas itinerantes que no reh\u00fayen la geolocalizaci\u00f3n referencial. Esta vez, sin embargo, el terreno no es necesariamente firme, sino mucho m\u00e1s un territorio interior y personal, vislumbrado a trav\u00e9s de una lente ambigua y quiz\u00e1s invertida, algo as\u00ed como experimentar con la rotaci\u00f3n de un instrumento \u00f3ptico con espejos y piezas de vidrio de colores que se reorganizan en diversas posibilidades, como referencias a marcadores geogr\u00e1ficos o geohist\u00f3ricos, cartograf\u00edas urbanas, menciones de localidades y paisajes, memorias biogr\u00e1ficas, estudios policrom\u00e1ticos o monocrom\u00e1ticos, ret\u00f3rica gr\u00e1fica o fotogr\u00e1fica, experimentos con estructuras, articulaciones mec\u00e1nicas y elocuciones verbales, entre otros enfoques y recursos. Las construcciones y diagramas, <\/span><i><span style=\"font-weight: 400;\">mise en pages<\/span><\/i><span style=\"font-weight: 400;\"> en un sentido amplio (bidimensional o tridimensional, e incluso su propia negaci\u00f3n), se desarrollan utilizando materiales ya conocidos o probados para los fines previstos, y pueden incluir cortes, recortes, hilos, costuras, collages, pliegues, ajustes y cualquier recurso funcional que satisfaga objetivamente las necesidades subjetivas individuales. Una experiencia complementaria y fascinante fue escuchar los relatos de los participantes de la residencia sobre sus propuestas, sus m\u00e9todos, sus inquietudes y, a veces, su cuestionamiento de certezas casi absolutas, tambi\u00e9n en tr\u00e1nsito.\u00a0<\/span><\/p>\n<p><span style=\"font-weight: 400;\">Como resultado de la exitosa reuni\u00f3n de diferentes conocimientos y relatos de vida, la propuesta de los encuentros y la exposici\u00f3n se reafirma como una fuerza estructuradora que, bajo un tema agregador, alinea el conjunto de individualidades, no necesariamente proponiendo relatos de traves\u00edas, llegadas e investigaciones en tierras desconocidas, dirigidas hacia lo ex\u00f3tico, sino traves\u00edas y partidas desde el propio entorno. Por extensi\u00f3n de significado, como una evocaci\u00f3n francamente afectuosa de la infancia, y reemplazando el telescopio, que durante el viaje aventurero instrumentaliz\u00f3 la mirada para la transposici\u00f3n de distancias reales, elijo el caleidoscopio, aqu\u00ed de introspecciones y recuerdos, un dispositivo simb\u00f3lico para la sucesi\u00f3n de lo imaginado a trav\u00e9s de visiones singulares.<\/span><\/p>\n<\/div><\/div><\/div><\/div><\/div><\/div><script id=\"script-row-unique-2\" data-row=\"script-row-unique-2\" type=\"text\/javascript\" class=\"vc_controls\">UNCODE.initRow(document.getElementById(\"row-unique-2\"));<\/script><\/div><\/div><\/div><div data-parent=\"true\" class=\"vc_row row-container boomapps_vcrow\" id=\"row-unique-3\"><div class=\"row limit-width row-parent\"><div class=\"wpb_row row-inner\"><div class=\"wpb_column pos-top pos-center align_left column_parent col-lg-12 boomapps_vccolumn single-internal-gutter\"><div class=\"uncol style-light\"  ><div class=\"uncoltable\"><div class=\"uncell  boomapps_vccolumn no-block-padding\" ><div class=\"uncont\" ><div class=\"vc_custom_heading_wrap\"><div class=\"heading-text el-text\" ><\/p>\n<h1><b>asesor invitado<\/b><\/h1>\n<p>\n<\/div><div class=\"clear\"><\/div><\/div><\/div><\/div><\/div><\/div><\/div><script id=\"script-row-unique-3\" data-row=\"script-row-unique-3\" type=\"text\/javascript\" class=\"vc_controls\">UNCODE.initRow(document.getElementById(\"row-unique-3\"));<\/script><\/div><\/div><\/div><div data-parent=\"true\" class=\"vc_row style-color-xsdn-bg row-container has-dividers boomapps_vcrow\" id=\"row-unique-4\"><div class=\"uncode-divider-wrap uncode-divider-wrap-top z_index_0\" style=\"height: 220px;\" data-height=\"220\" data-unit=\"px\"><svg version=\"1.1\" class=\"uncode-row-divider uncode-row-divider-step\" x=\"0px\" y=\"0px\" width=\"240px\" height=\"24px\" viewbox=\"0 0 240 24\" enable-background=\"new 0 0 240 24\" xml:space=\"preserve\" preserveaspectratio=\"none\">\n\t\t<path fill=\"#ffffff\" d=\"M240,0v24H0V0H240z\"\/>\n\t\t<\/svg><\/div><div class=\"row quad-top-padding quad-bottom-padding single-h-padding limit-width row-parent\"><div class=\"wpb_row row-inner\"><div class=\"wpb_column pos-top pos-center align_center column_parent col-lg-3 boomapps_vccolumn single-internal-gutter\"><div class=\"uncol style-light\"  ><div class=\"uncoltable\"><div class=\"uncell  boomapps_vccolumn no-block-padding\" ><div class=\"uncont\" style=\" max-width:600px;\" ><div class=\"uncode-single-media  text-left\"><div class=\"single-wrapper\" style=\"max-width: 100%;\"><div class=\"tmb tmb-light  tmb-media-first tmb-media-last tmb-content-overlay tmb-no-bg\"><div class=\"t-inside\"><div class=\"t-entry-visual\"><div class=\"t-entry-visual-tc\"><div class=\"uncode-single-media-wrapper\"><img decoding=\"async\" class=\"wp-image-157986\" src=\"https:\/\/malalivrodeartista.com\/wp-content\/uploads\/2025\/09\/images.jpg\" width=\"225\" height=\"225\" alt=\"\" srcset=\"https:\/\/malalivrodeartista.com\/wp-content\/uploads\/2025\/09\/images.jpg 225w, https:\/\/malalivrodeartista.com\/wp-content\/uploads\/2025\/09\/images-150x150.jpg 150w, https:\/\/malalivrodeartista.com\/wp-content\/uploads\/2025\/09\/images-12x12.jpg 12w\" sizes=\"(max-width: 225px) 100vw, 225px\" \/><\/div>\n\t\t\t\t\t<\/div>\n\t\t\t\t<\/div><\/div><\/div><\/div><\/div><div class=\"empty-space empty-single\" ><span class=\"empty-space-inner\"><\/span><\/div>\n<\/div><\/div><\/div><\/div><\/div><div class=\"wpb_column pos-top pos-center align_left column_parent col-lg-9 boomapps_vccolumn single-internal-gutter\"><div class=\"uncol style-light\"  ><div class=\"uncoltable\"><div class=\"uncell  boomapps_vccolumn no-block-padding\" ><div class=\"uncont\" ><div class=\"uncode_text_column\" ><p><b>Paulo Silveira<\/b> Paulo Silveira (nombre completo: Paulo Antonio de Menezes Pereira da Silveira) es licenciado en Artes Pl\u00e1sticas, con especializaciones en Dibujo (1986) y Pintura (1988), y en Comunicaci\u00f3n Social (1980) por la Universidad Federal de Rio Grande do Sul (UFRGS). En la misma instituci\u00f3n, obtuvo su maestr\u00eda (1999) y doctorado (2008) en Artes Visuales, con un enfoque en Historia, Teor\u00eda y Cr\u00edtica del Arte.\n\nActualmente, trabaja como profesor adjunto de historia del arte en el Departamento de Artes Visuales del Instituto de Artes de la UFRGS, ense\u00f1ando tanto a nivel de grado como de posgrado. De 1982 a 2010, fue programador visual en la Editorial de la UFRGS, donde tambi\u00e9n coordin\u00f3 la secci\u00f3n de edici\u00f3n.\n\nComo investigador, se centra en las Artes Visuales, con \u00e9nfasis en la historia y teor\u00eda del arte contempor\u00e1neo, la percepci\u00f3n y la intermedialidad. Es miembro de la Asociaci\u00f3n Nacional de Investigadores en Artes Pl\u00e1sticas (ANPAP), del Comit\u00e9 Brasile\u00f1o de Historia del Arte y cofundador del grupo de investigaci\u00f3n Ve\u00edculos da Arte (UFRGS\/CNPq).<\/p>\n<\/div><div class=\"empty-space empty-single\" ><span class=\"empty-space-inner\"><\/span><\/div>\n<\/div><\/div><\/div><\/div><\/div><script id=\"script-row-unique-4\" data-row=\"script-row-unique-4\" type=\"text\/javascript\" class=\"vc_controls\">UNCODE.initRow(document.getElementById(\"row-unique-4\"));<\/script><\/div><\/div><\/div><div data-parent=\"true\" class=\"vc_row row-container boomapps_vcrow\" id=\"row-unique-5\"><div class=\"row limit-width row-parent\"><div class=\"wpb_row row-inner\"><div class=\"wpb_column pos-top pos-center align_left column_parent col-lg-4 boomapps_vccolumn single-internal-gutter\"><div class=\"uncol style-light\"  ><div class=\"uncoltable\"><div class=\"uncell  boomapps_vccolumn no-block-padding\" ><div class=\"uncont\" ><\/div><\/div><\/div><\/div><\/div><div class=\"wpb_column pos-top pos-center align_left column_parent col-lg-4 boomapps_vccolumn single-internal-gutter\"><div class=\"uncol style-light\"  ><div class=\"uncoltable\"><div class=\"uncell  boomapps_vccolumn no-block-padding\" ><div class=\"uncont\" ><div class=\"vc_custom_heading_wrap\"><div class=\"heading-text el-text\" ><\/p>\n<h2>instagram<\/h2>\n<p>\n<\/div><div class=\"clear\"><\/div><\/div><\/div><\/div><\/div><\/div><\/div><div class=\"wpb_column pos-top pos-center align_left column_parent col-lg-4 boomapps_vccolumn single-internal-gutter\"><div class=\"uncol style-light\"  ><div class=\"uncoltable\"><div class=\"uncell  boomapps_vccolumn no-block-padding\" ><div class=\"uncont\" ><\/div><\/div><\/div><\/div><\/div><script id=\"script-row-unique-5\" data-row=\"script-row-unique-5\" type=\"text\/javascript\" class=\"vc_controls\">UNCODE.initRow(document.getElementById(\"row-unique-5\"));<\/script><\/div><\/div><\/div><div data-parent=\"true\" class=\"vc_row row-container boomapps_vcrow\" id=\"row-unique-6\"><div class=\"row limit-width row-parent\"><div class=\"wpb_row row-inner\"><div class=\"wpb_column pos-top pos-center align_left column_parent col-lg-12 boomapps_vccolumn single-internal-gutter\"><div class=\"uncol style-light\"  ><div class=\"uncoltable\"><div class=\"uncell  boomapps_vccolumn no-block-padding\" ><div class=\"uncont\" ><div class=\"empty-space empty-single\" ><span class=\"empty-space-inner\"><\/span><\/div>\n\n\t<div class=\"wpb_raw_code wpb_raw_html\" >\n\t\t<div class=\"wpb_wrapper\">\n\t\t\t\t\t<div id=\"instagram-gallery-feed-0\" class=\"instagram-gallery-feed\" data-feed=\"{&quot;id&quot;:0,&quot;account_id&quot;:&quot;9675759375844495&quot;,&quot;source&quot;:&quot;username&quot;,&quot;tag&quot;:&quot;wordpress&quot;,&quot;order_by&quot;:&quot;top_media&quot;,&quot;layout&quot;:&quot;masonry&quot;,&quot;limit&quot;:12,&quot;columns&quot;:3,&quot;spacing&quot;:10,&quot;lazy&quot;:false,&quot;responsive&quot;:{&quot;desktop&quot;:{&quot;columns&quot;:3,&quot;spacing&quot;:10},&quot;tablet&quot;:{&quot;columns&quot;:2,&quot;spacing&quot;:8},&quot;mobile&quot;:{&quot;columns&quot;:1,&quot;spacing&quot;:6},&quot;breakpoints&quot;:{&quot;tablet&quot;:768,&quot;mobile&quot;:480}},&quot;aspect_ratio&quot;:{&quot;width&quot;:1,&quot;height&quot;:1},&quot;highlight&quot;:{&quot;tag&quot;:&quot;&quot;,&quot;id&quot;:&quot;&quot;,&quot;position&quot;:&quot;1,3,5&quot;},&quot;reel&quot;:{&quot;hide&quot;:false},&quot;copyright&quot;:{&quot;hide&quot;:false,&quot;placeholder&quot;:&quot;&quot;},&quot;profile&quot;:{&quot;display&quot;:false,&quot;username&quot;:&quot;&quot;,&quot;nickname&quot;:&quot;&quot;,&quot;website&quot;:&quot;&quot;,&quot;biography&quot;:&quot;&quot;,&quot;link_text&quot;:&quot;Follow&quot;,&quot;website_text&quot;:&quot;Website&quot;,&quot;avatar&quot;:&quot;&quot;},&quot;box&quot;:{&quot;display&quot;:false,&quot;padding&quot;:1,&quot;radius&quot;:0,&quot;background&quot;:&quot;#fefefe&quot;,&quot;profile&quot;:false,&quot;desc&quot;:&quot;&quot;,&quot;text_color&quot;:&quot;#000000&quot;},&quot;mask&quot;:{&quot;display&quot;:true,&quot;background&quot;:&quot;#000000&quot;,&quot;icon_color&quot;:&quot;#ffffff&quot;,&quot;likes_count&quot;:true,&quot;comments_count&quot;:true},&quot;card&quot;:{&quot;display&quot;:false,&quot;radius&quot;:1,&quot;font_size&quot;:12,&quot;background&quot;:&quot;#ffffff&quot;,&quot;background_hover&quot;:&quot;&quot;,&quot;text_color&quot;:&quot;#000000&quot;,&quot;padding&quot;:5,&quot;likes_count&quot;:true,&quot;text_length&quot;:10,&quot;comments_count&quot;:true,&quot;text_align&quot;:&quot;left&quot;},&quot;carousel&quot;:{&quot;centered_slides&quot;:false,&quot;autoplay&quot;:false,&quot;autoplay_interval&quot;:3000,&quot;navarrows&quot;:true,&quot;navarrows_color&quot;:&quot;&quot;,&quot;pagination&quot;:true,&quot;pagination_color&quot;:&quot;&quot;},&quot;modal&quot;:{&quot;display&quot;:true,&quot;profile&quot;:true,&quot;media_description&quot;:true,&quot;likes_count&quot;:true,&quot;comments_count&quot;:true,&quot;comments_list&quot;:false,&quot;text_align&quot;:&quot;left&quot;,&quot;modal_align&quot;:&quot;right&quot;,&quot;text_length&quot;:10000,&quot;font_size&quot;:12},&quot;button&quot;:{&quot;display&quot;:true,&quot;text&quot;:&quot;View on Instagram&quot;,&quot;text_color&quot;:&quot;#ffff&quot;,&quot;background&quot;:&quot;&quot;,&quot;background_hover&quot;:&quot;&quot;},&quot;button_load&quot;:{&quot;display&quot;:false,&quot;text&quot;:&quot;Load more...&quot;,&quot;text_color&quot;:&quot;#ffff&quot;,&quot;background&quot;:&quot;&quot;,&quot;background_hover&quot;:&quot;&quot;}}\">\n\t\t<!-- <FeedContainer\/> -->\n\t\t<\/div>\n\t\t\n\t\t<\/div>\n\t<\/div>\n<\/div><\/div><\/div><\/div><\/div><script id=\"script-row-unique-6\" data-row=\"script-row-unique-6\" type=\"text\/javascript\" class=\"vc_controls\">UNCODE.initRow(document.getElementById(\"row-unique-6\"));<\/script><\/div><\/div><\/div>\n<\/div>","protected":false},"excerpt":{"rendered":"artistas e livros, andarilhos pela pr\u00f3pria natureza(Paulo Silveira)Para muitos brasileiros envolvidos com a imagem e a cultura, \u00e9 prov\u00e1vel que [...]","protected":false},"author":1,"featured_media":159428,"parent":0,"menu_order":0,"comment_status":"closed","ping_status":"closed","template":"","meta":{"footnotes":""},"class_list":["post-158841","page","type-page","status-publish","has-post-thumbnail","hentry"],"_links":{"self":[{"href":"https:\/\/malalivrodeartista.com\/es\/wp-json\/wp\/v2\/pages\/158841","targetHints":{"allow":["GET"]}}],"collection":[{"href":"https:\/\/malalivrodeartista.com\/es\/wp-json\/wp\/v2\/pages"}],"about":[{"href":"https:\/\/malalivrodeartista.com\/es\/wp-json\/wp\/v2\/types\/page"}],"author":[{"embeddable":true,"href":"https:\/\/malalivrodeartista.com\/es\/wp-json\/wp\/v2\/users\/1"}],"replies":[{"embeddable":true,"href":"https:\/\/malalivrodeartista.com\/es\/wp-json\/wp\/v2\/comments?post=158841"}],"version-history":[{"count":0,"href":"https:\/\/malalivrodeartista.com\/es\/wp-json\/wp\/v2\/pages\/158841\/revisions"}],"wp:featuredmedia":[{"embeddable":true,"href":"https:\/\/malalivrodeartista.com\/es\/wp-json\/wp\/v2\/media\/159428"}],"wp:attachment":[{"href":"https:\/\/malalivrodeartista.com\/es\/wp-json\/wp\/v2\/media?parent=158841"}],"curies":[{"name":"wp","href":"https:\/\/api.w.org\/{rel}","templated":true}]}}