{"id":158666,"date":"2015-03-26T11:51:36","date_gmt":"2015-03-26T14:51:36","guid":{"rendered":"https:\/\/malalivrodeartista.com\/orientadoras-2\/"},"modified":"2026-03-05T14:56:32","modified_gmt":"2026-03-05T17:56:32","slug":"orientadoras-2026","status":"publish","type":"page","link":"https:\/\/malalivrodeartista.com\/es\/orientadoras-2026\/","title":{"rendered":"Asesores 2026"},"content":{"rendered":"<div class=\"wpb-content-wrapper\"><div data-parent=\"true\" class=\"vc_row style-color-wayh-bg row-container boomapps_vcrow\" id=\"row-unique-0\"><div class=\"row unequal col-no-gutter no-top-padding no-bottom-padding no-h-padding full-width row-parent\"><div class=\"wpb_row auto-height-device row-inner\"><div class=\"wpb_column pos-top pos-center align_left column_parent col-lg-6 boomapps_vccolumn single-internal-gutter\"><div class=\"uncol style-light\"  ><div class=\"uncoltable\" style=\"min-height: 340px;\"><div class=\"uncell  boomapps_vccolumn single-block-padding\" ><div class=\"column-background background-element\">\n\t\t\t\t\t\t\t\t\t\t\t<div class=\"background-wrapper\">\n\t\t\t\t\t\t\t\t\t\t\t\t<div class=\"background-inner\" style=\"background-image: url(https:\/\/malalivrodeartista.com\/wp-content\/uploads\/2025\/04\/WhatsApp-Image-2024-01-18-at-15_59_edite.avif);background-repeat: no-repeat;background-position: center center;background-size: cover;\" data-o_src=\"https:\/\/malalivrodeartista.com\/wp-content\/uploads\/2025\/04\/WhatsApp-Image-2024-01-18-at-15_59_edite.avif\"><\/div>\n\t\t\t\t\t\t\t\t\t\t\t\t\n\t\t\t\t\t\t\t\t\t\t\t<\/div>\n\t\t\t\t\t\t\t\t\t\t<\/div><div class=\"uncont\" ><\/div><\/div><\/div><\/div><\/div><div class=\"wpb_column pos-top pos-center align_left column_parent col-lg-6 boomapps_vccolumn single-internal-gutter\"><div class=\"uncol style-dark\"  ><div class=\"uncoltable\"><div class=\"uncell  boomapps_vccolumn quad-block-padding\" ><div class=\"uncont\" style=\" max-width:528px;\" ><div class=\"vc_custom_heading_wrap\"><div class=\"heading-text el-text\" ><h2 class=\"fontsize-155944\" ><span>Estela Vilela<\/span><\/h2><\/div><div class=\"clear\"><\/div><\/div><div class=\"uncode_text_column text-lead\" ><\/p>\n<p class=\"font_8 wixui-rich-text__text\"><span class=\"wixui-rich-text__text\">Estela Vilela es encuadernadora, educadora y artista del libro, licenciada en Psicolog\u00eda por la PUCSP y en Literatura por la USP-SP. Su experiencia en encuadernaci\u00f3n incluye el Liceu de Artes e Of\u00edcios de S\u00e3o Paulo, cursos de formaci\u00f3n en la ABER (Asociaci\u00f3n Brasile\u00f1a de Encuadernaci\u00f3n y Restauraci\u00f3n) y cursos internacionales, habiendo expuesto su obra posteriormente en diversos foros y exposiciones internacionales.<\/span><\/p>\n<p class=\"font_8 wixui-rich-text__text\"><span class=\"wixui-rich-text__text\">Durante su presidencia de ABER (2013-2019), promovi\u00f3 la cultura del libro, impulsando el Concurso Internacional de Encuadernaci\u00f3n Art\u00edstica en S\u00e3o Paulo y la Casa do Papel de la FLIP en Paraty durante dos a\u00f1os consecutivos, entre otras iniciativas. Sus proyectos educativos se centran en la experimentaci\u00f3n gr\u00e1fica, la investigaci\u00f3n y la producci\u00f3n de libros de artista. Actualmente, adem\u00e1s de cocrear y guiar el curso en l\u00ednea \u00abDobras de S\u00ed\u00bb, imparte cursos presenciales, ofrece consultor\u00eda en su estudio de S\u00e3o Paulo y colabora con instituciones culturales como el Sesc e Ita\u00fa Cultural.<\/span><\/p>\n<p class=\"font_8 wixui-rich-text__text\"><span class=\"wixui-rich-text__text\"><span class=\"wixGuard wixui-rich-text__text\">\u200b<\/span><\/span><\/p>\n<p class=\"font_8 wixui-rich-text__text\"><span class=\"wixui-rich-text__text\"><a class=\"wixui-rich-text__text\" href=\"https:\/\/www.instagram.com\/estelavilelaoficial\/\" target=\"_blank\" rel=\"noreferrer noopener\">@estelavilelaoficial<\/a><\/span><\/p>\n<p>\n<\/div><\/div><\/div><\/div><\/div><\/div><script id=\"script-row-unique-0\" data-row=\"script-row-unique-0\" type=\"text\/javascript\" class=\"vc_controls\">UNCODE.initRow(document.getElementById(\"row-unique-0\"));<\/script><\/div><\/div><\/div><div data-parent=\"true\" class=\"vc_row inverted-device-order style-color-xsdn-bg row-container boomapps_vcrow\" id=\"row-unique-1\"><div class=\"row unequal col-no-gutter no-top-padding no-bottom-padding no-h-padding full-width row-parent\"><div class=\"wpb_row auto-height-device row-inner\"><div class=\"wpb_column pos-top pos-center align_left column_parent col-lg-6 boomapps_vccolumn single-internal-gutter\"><div class=\"uncol style-dark\"  ><div class=\"uncoltable\"><div class=\"uncell  boomapps_vccolumn quad-block-padding\" ><div class=\"uncont\" style=\" max-width:528px;\" ><div class=\"vc_custom_heading_wrap\"><div class=\"heading-text el-text\" ><h2 class=\"fontsize-155944 text-color-jevc-color\" ><span>Monique Allain<\/span><\/h2><\/div><div class=\"clear\"><\/div><\/div><div class=\"uncode_text_column text-lead text-color-jevc-color\" ><\/p>\n<p class=\"font_8 wixui-rich-text__text\">Monique Allain (1958), artista, educadora e investigadora nacida en S\u00e3o Paulo, se mud\u00f3 a Nueva York en 2018 y se estableci\u00f3 en North Salem, Nueva York, en 2020. Antes de incursionar en las artes, trabaj\u00f3 como consultora ambiental en Terra Capital Fund, una organizaci\u00f3n pionera en la recaudaci\u00f3n de fondos para proyectos de preservaci\u00f3n de la biodiversidad. Cofundadora de la Cooperativa de Artistas Visuales de Brasil (2003-2006), su objetivo era ampliar el papel de los artistas visuales en las decisiones culturales y en la promoci\u00f3n del arte.<\/p>\n<p class=\"font_8 wixui-rich-text__text\"><span class=\"wixGuard wixui-rich-text__text\">\u200b<\/span><\/p>\n<p class=\"font_8 wixui-rich-text__text\">En ABER (Asociaci\u00f3n Brasile\u00f1a de Encuadernaci\u00f3n y Restauraci\u00f3n), dirigi\u00f3 el N\u00daCLEO DE ARTE, creando programas para el estudio y la producci\u00f3n de libros de artista (2013-2018). Comisariando exposiciones en Brasil, Par\u00eds y Estados Unidos, Monique investiga la identidad individual y colectiva, explorando su relaci\u00f3n con el espacio, el tiempo y la alteridad. Sus obras proponen experiencias inmersivas de autoconexi\u00f3n.<br class=\"wixui-rich-text__text\" \/>Conexi\u00f3n con el entorno y di\u00e1logos interpersonales.<\/p>\n<p class=\"font_8 wixui-rich-text__text\"><span class=\"wixui-rich-text__text\"><span class=\"wixGuard wixui-rich-text__text\">\u200b<\/span><\/span><\/p>\n<p class=\"font_8 wixui-rich-text__text\"><span class=\"wixui-rich-text__text\"><a class=\"wixui-rich-text__text\" href=\"https:\/\/www.instagram.com\/moniqueallain\/\" target=\"_blank\" rel=\"noreferrer noopener\">@moniqueallain<\/a><\/span><\/p>\n<p>\n<\/div><\/div><\/div><\/div><\/div><\/div><div class=\"wpb_column pos-top pos-center align_left column_parent col-lg-6 boomapps_vccolumn single-internal-gutter\"><div class=\"uncol style-light\"  ><div class=\"uncoltable\" style=\"min-height: 340px;\"><div class=\"uncell  boomapps_vccolumn single-block-padding\" ><div class=\"column-background background-element\">\n\t\t\t\t\t\t\t\t\t\t\t<div class=\"background-wrapper\">\n\t\t\t\t\t\t\t\t\t\t\t\t<div class=\"background-inner\" style=\"background-image: url(https:\/\/malalivrodeartista.com\/wp-content\/uploads\/2025\/04\/Prancheta-1-2.avif);background-repeat: no-repeat;background-position: center center;background-size: cover;\" data-o_src=\"https:\/\/malalivrodeartista.com\/wp-content\/uploads\/2025\/04\/Prancheta-1-2.avif\"><\/div>\n\t\t\t\t\t\t\t\t\t\t\t\t\n\t\t\t\t\t\t\t\t\t\t\t<\/div>\n\t\t\t\t\t\t\t\t\t\t<\/div><div class=\"uncont\" ><\/div><\/div><\/div><\/div><\/div><script id=\"script-row-unique-1\" data-row=\"script-row-unique-1\" type=\"text\/javascript\" class=\"vc_controls\">UNCODE.initRow(document.getElementById(\"row-unique-1\"));<\/script><\/div><\/div><\/div><div data-parent=\"true\" class=\"vc_row style-color-wayh-bg row-container boomapps_vcrow\" id=\"row-unique-2\"><div class=\"row unequal col-no-gutter no-top-padding no-bottom-padding no-h-padding full-width row-parent\"><div class=\"wpb_row auto-height-device row-inner\"><div class=\"wpb_column pos-top pos-center align_left column_parent col-lg-6 boomapps_vccolumn single-internal-gutter\"><div class=\"uncol style-light\"  ><div class=\"uncoltable\" style=\"min-height: 340px;\"><div class=\"uncell  boomapps_vccolumn single-block-padding\" ><div class=\"column-background background-element\">\n\t\t\t\t\t\t\t\t\t\t\t<div class=\"background-wrapper\">\n\t\t\t\t\t\t\t\t\t\t\t\t<div class=\"background-inner\" style=\"background-image: url(https:\/\/malalivrodeartista.com\/wp-content\/uploads\/2025\/04\/chica.avif);background-repeat: no-repeat;background-position: center center;background-size: cover;\" data-o_src=\"https:\/\/malalivrodeartista.com\/wp-content\/uploads\/2025\/04\/chica.avif\"><\/div>\n\t\t\t\t\t\t\t\t\t\t\t\t\n\t\t\t\t\t\t\t\t\t\t\t<\/div>\n\t\t\t\t\t\t\t\t\t\t<\/div><div class=\"uncont\" ><\/div><\/div><\/div><\/div><\/div><div class=\"wpb_column pos-top pos-center align_left column_parent col-lg-6 boomapps_vccolumn single-internal-gutter\"><div class=\"uncol style-dark\"  ><div class=\"uncoltable\"><div class=\"uncell  boomapps_vccolumn quad-block-padding\" ><div class=\"uncont\" style=\" max-width:528px;\" ><div class=\"vc_custom_heading_wrap\"><div class=\"heading-text el-text\" ><h2 class=\"fontsize-155944\" ><span>Chica Boyriven<\/span><\/h2><\/div><div class=\"clear\"><\/div><\/div><div class=\"uncode_text_column text-lead\" ><\/p>\n<p class=\"font_8 wixui-rich-text__text\">Chica Boyriven posee una rica formaci\u00f3n multicultural, habiendo vivido entre continentes y sumergido en dos culturas distintas desde su nacimiento en S\u00e3o Paulo en 1961, de padres franceses. Su trayectoria art\u00edstica comenz\u00f3 poco despu\u00e9s de graduarse de la secundaria, cuando se mud\u00f3 a Par\u00eds y se matricul\u00f3 en la prestigiosa Escuela de Bellas Artes. All\u00ed, tuvo la oportunidad de perfeccionar su talento para el dibujo en el taller de Pierre Alechinsky, un destacado artista asociado con la...<br class=\"wixui-rich-text__text\" \/>Movimiento COBRA (Copenhague, Bruselas, \u00c1msterdam). El movimiento COBRA, conocido por su exaltaci\u00f3n de la cultura primitiva y el arte no convencional, incluyendo expresiones del arte prehist\u00f3rico y medieval, se convirti\u00f3 en una fuente fundamental de inspiraci\u00f3n para Chica Boyriven. Durante una d\u00e9cada, se dedic\u00f3 al estudio y la pr\u00e1ctica de diversas t\u00e9cnicas de grabado en el taller &#034;Arts du Livre&#034;, colaborando con la artista Mireille Baltar.<\/p>\n<p class=\"font_8 wixui-rich-text__text\">Adem\u00e1s, complet\u00f3 su formaci\u00f3n estudiando encuadernaci\u00f3n durante dos a\u00f1os en la Escuela Municipal de Oficios Artesanales de Par\u00eds. A lo largo de su carrera, Chica ha realizado varias exposiciones individuales y colectivas.<br class=\"wixui-rich-text__text\" \/>exponiendo sus obras en galer\u00edas y espacios culturales en Brasil, Francia y Alemania.<\/p>\n<p class=\"font_8 wixui-rich-text__text\"><span class=\"wixui-rich-text__text\">\u200b<\/span><\/p>\n<p class=\"font_8 wixui-rich-text__text\"><span class=\"wixui-rich-text__text\"><a class=\"wixui-rich-text__text\" href=\"https:\/\/www.instagram.com\/chicaboyriven\/\" target=\"_blank\" rel=\"noreferrer noopener\">@chicaboyriven<\/a><\/span><\/p>\n<p>\n<\/div><\/div><\/div><\/div><\/div><\/div><script id=\"script-row-unique-2\" data-row=\"script-row-unique-2\" type=\"text\/javascript\" class=\"vc_controls\">UNCODE.initRow(document.getElementById(\"row-unique-2\"));<\/script><\/div><\/div><\/div>\n<\/div>","protected":false},"excerpt":{"rendered":"<p>Easy create your team members listings using different custom layout modes, adding descriptions, roles, social profiles, or lightbox options and effects.<\/p>","protected":false},"author":1,"featured_media":0,"parent":0,"menu_order":0,"comment_status":"open","ping_status":"closed","template":"","meta":{"footnotes":""},"class_list":["post-158666","page","type-page","status-publish","hentry"],"_links":{"self":[{"href":"https:\/\/malalivrodeartista.com\/es\/wp-json\/wp\/v2\/pages\/158666","targetHints":{"allow":["GET"]}}],"collection":[{"href":"https:\/\/malalivrodeartista.com\/es\/wp-json\/wp\/v2\/pages"}],"about":[{"href":"https:\/\/malalivrodeartista.com\/es\/wp-json\/wp\/v2\/types\/page"}],"author":[{"embeddable":true,"href":"https:\/\/malalivrodeartista.com\/es\/wp-json\/wp\/v2\/users\/1"}],"replies":[{"embeddable":true,"href":"https:\/\/malalivrodeartista.com\/es\/wp-json\/wp\/v2\/comments?post=158666"}],"version-history":[{"count":0,"href":"https:\/\/malalivrodeartista.com\/es\/wp-json\/wp\/v2\/pages\/158666\/revisions"}],"wp:attachment":[{"href":"https:\/\/malalivrodeartista.com\/es\/wp-json\/wp\/v2\/media?parent=158666"}],"curies":[{"name":"wp","href":"https:\/\/api.w.org\/{rel}","templated":true}]}}